{"id":11,"date":"2021-03-05T06:01:34","date_gmt":"2021-03-05T06:01:34","guid":{"rendered":"http:\/\/fancomart.com\/my-account\/"},"modified":"2024-02-17T20:38:28","modified_gmt":"2024-02-17T19:38:28","slug":"my-account","status":"publish","type":"page","link":"https:\/\/fancomart.com\/de\/my-account\/","title":{"rendered":"Mein Konto"},"content":{"rendered":"<div class=\"woocommerce\">\r\n<div class=\"login-popup\" id=\"customer_login\">\r\n\t<div class=\"woocommerce-notices-wrapper\"><\/div>\t<div class=\"tab tab-nav-simple tab-nav-boxed form-tab\">\r\n\t\t<ul class=\"nav nav-tabs nav-fill\" role=\"tablist\">\r\n\t\t\t<li class=\"nav-item\">\r\n\t\t\t\t<a href=\"signin\" class=\"nav-link active\" data-toggle=\"tab\" role=\"tab\">Anmelden<\/a>\r\n\t\t\t<\/li>\r\n\t\t\t\t\t<li class=\"nav-item\">\r\n\t\t\t\t<a href=\"signup\" class=\"nav-link\" data-toggle=\"tab\" role=\"tab\">Melden Sie sich an<\/a>\r\n\t\t\t<\/li>\r\n\t\t\t\t<\/ul>\r\n\t\t<div class=\"tab-content\">\r\n\r\n\t\t\t<div class=\"tab-pane active\" id=\"signin\">\r\n\t\t\t\t<form class=\"woocommerce-form woocommerce-form-login login\" method=\"post\" novalidate action=\"\">\r\n\r\n\t\t\t\t\t\r\n\t\t\t\t\t<p class=\"woocommerce-form-row woocommerce-form-row--wide form-row form-row-wide\">\r\n\t\t\t\t\t\t<label for=\"username\">Benutzername oder E-Mail-Adresse&nbsp;<span class=\"required\" aria-hidden=\"true\">*<\/span><span class=\"screen-reader-text\" data-no-translation=\"\" data-trp-gettext=\"\">Erforderlich<\/span><\/label>\r\n\t\t\t\t\t\t<input type=\"text\" class=\"woocommerce-Input woocommerce-Input--text input-text\" name=\"username\" id=\"username\" autocomplete=\"username\" required value=\"\" aria-required =\"true\" \/>\t\t\t\t\t<\/p>\r\n\t\t\t\t\t<p class=\"woocommerce-form-row woocommerce-form-row--wide form-row form-row-wide\">\r\n\t\t\t\t\t\t<label for=\"password\">Passwort&nbsp;<span class=\"required\" aria-hidden=\"true\">*<\/span><span class=\"screen-reader-text\" data-no-translation=\"\" data-trp-gettext=\"\">Erforderlich<\/span><\/label>\r\n\t\t\t\t\t\t<input class=\"woocommerce-Input woocommerce-Input--text input-text\" type=\"password\" name=\"password\" id=\"password\" autocomplete=\"current-password\" required aria-required=\"true\" \/>\r\n\t\t\t\t\t<\/p>\r\n\r\n\t\t\t\t\t\r\n\t\t\t\t\t<div class=\"form-row form-footer\">\r\n\t\t\t\t\t\t<label class=\"woocommerce-form__label woocommerce-form__label-for-checkbox woocommerce-form-login__rememberme form-checkbox\">\r\n\t\t\t\t\t\t\t<input class=\"woocommerce-form__input woocommerce-form__input-checkbox\" name=\"rememberme\" type=\"checkbox\" id=\"rememberme\" value=\"forever\" \/> <span data-no-translation=\"\" data-trp-gettext=\"\">Angemeldet bleiben<\/span>\r\n\t\t\t\t\t\t<\/label>\r\n\t\t\t\t\t\t<p class=\"woocommerce-LostPassword lost_password\">\r\n\t\t\t\t\t\t\t<a href=\"https:\/\/fancomart.com\/de\/my-account\/lost-password\/\" data-no-translation=\"\" data-trp-gettext=\"\">Passwort vergessen?<\/a>\r\n\t\t\t\t\t\t<\/p>\r\n\t\t\t\t\t<\/div>\r\n\r\n\t\t\t\t\t<input type=\"hidden\" id=\"woocommerce-login-nonce\" name=\"woocommerce-login-nonce\" value=\"0ca1686af0\" \/><input type=\"hidden\" name=\"_wp_http_referer\" value=\"\/de\/wp-json\/wp\/v2\/pages\/11\" \/>\t\t\t\t\t<button type=\"submit\" class=\"woocommerce-button button woocommerce-form-login__submit\" name=\"login\" value=\"Sign In\">Anmelden<\/button>\r\n\r\n\t\t\t\t\t<p class=\"submit-status\"><\/p>\r\n\r\n\t\t\t\t\t\r\n\t\t\t\t<input type=\"hidden\" name=\"trp-form-language\" value=\"de\"\/><\/form>\r\n\t\t\t<\/div>\r\n\r\n\t\t\t\t\t<div class=\"tab-pane\" id=\"signup\">\r\n\t\t\t\t<form method=\"post\" class=\"woocommerce-form woocommerce-form-login register\" action=\"\"  >\r\n\r\n\t\t\t\t\t\r\n\t\t\t\t\t\r\n\t\t\t\t\t<p class=\"woocommerce-form-row woocommerce-form-row--wide form-row form-row-wide\">\r\n\t\t\t\t\t\t<label for=\"reg_email\">Ihre E-Mail-Adresse&nbsp;<span class=\"required\" aria-hidden=\"true\">*<\/span><span class=\"screen-reader-text\" data-no-translation=\"\" data-trp-gettext=\"\">Erforderlich<\/span><\/label>\r\n\t\t\t\t\t\t<input type=\"email\" class=\"woocommerce-Input woocommerce-Input--text input-text\" name=\"email\" id=\"reg_email\" autocomplete=\"email\" required value=\"\" aria-required =\"true\" \/>\t\t\t\t\t<\/p>\r\n\r\n\t\t\t\t\t\r\n\t\t\t\t\t\t<p class=\"woocommerce-form-row woocommerce-form-row--wide form-row form-row-wide\">\r\n\t\t\t\t\t\t\t<label for=\"reg_password\">Passwort&nbsp;<span class=\"required\" aria-hidden=\"true\">*<\/span><span class=\"screen-reader-text\" data-no-translation=\"\" data-trp-gettext=\"\">Erforderlich<\/span><\/label>\r\n\t\t\t\t\t\t\t<input type=\"password\" class=\"woocommerce-Input woocommerce-Input--text input-text\" name=\"password\" id=\"reg_password\" autocomplete=\"new-password\" required aria-required=\"true\" \/>\r\n\t\t\t\t\t\t<\/p>\r\n\r\n\t\t\t\t\t\r\n\t\t\t\t\t<wc-order-attribution-inputs><\/wc-order-attribution-inputs><div class=\"woocommerce-privacy-policy-text\"><p>Ihre pers\u00f6nlichen Daten werden verwendet, um Ihr Erlebnis auf dieser Website zu unterst\u00fctzen, den Zugriff auf Ihr Konto zu verwalten und f\u00fcr andere in unserem beschriebene Zwecke <a href=\"https:\/\/fancomart.com\/de\/privacy-policy\/\" class=\"woocommerce-privacy-policy-link\" target=\"_blank\" data-no-translation=\"\" data-trp-gettext=\"\">Datenschutzerkl\u00e4rung<\/a>.<\/p>\n<\/div>\r\n\t\t\t\t\t\r\n\t\t\t\t\t<p class=\"custom-checkbox\"><input type=\"checkbox\" id=\"register-policy\" required=\"\" class=\"mr-2\"><label for=\"register-policy\">Ich stimme dem zu <a href=\"https:\/\/fancomart.com\/de\/privacy-policy\/\" class=\"woocommerce-privacy-policy-link\" target=\"_blank\" data-no-translation=\"\" data-trp-gettext=\"\">Datenschutzerkl\u00e4rung<\/a><\/label><\/p>\n\r\n\t\t\t\t\t<input type=\"hidden\" id=\"woocommerce-register-nonce\" name=\"woocommerce-register-nonce\" value=\"6fadf8ad4b\" \/><input type=\"hidden\" name=\"_wp_http_referer\" value=\"\/de\/wp-json\/wp\/v2\/pages\/11\" \/>\t\t\t\t\t<button type=\"submit\" class=\"woocommerce-Button woocommerce-button button woocommerce-form-register__submit\" name=\"register\" value=\"Registrieren\" data-no-translation=\"\" data-trp-gettext=\"\" data-no-translation-value=\"\">Registrieren<\/button>\r\n\r\n\t\t\t\t\t<p class=\"submit-status\"><\/p>\r\n\r\n\t\t\t\t\t<div class=\"wcfmmp_become_vendor_link\"><a href=\"https:\/\/fancomart.com\/de\/vendor-register\/\">Werde ein Farmer<\/a><\/div>\r\n\t\t\t\t<input type=\"hidden\" name=\"trp-form-language\" value=\"de\"\/><\/form>\r\n\t\t\t<\/div>\r\n\t\t\t\t<\/div>\r\n\t<\/div>\r\n\r\n\t<\/div>\r\n<\/div>","protected":false},"excerpt":{"rendered":"","protected":false},"author":1,"featured_media":0,"parent":0,"menu_order":0,"comment_status":"closed","ping_status":"closed","template":"","meta":{"footnotes":""},"class_list":["post-11","page","type-page","status-publish","hentry"],"_links":{"self":[{"href":"https:\/\/fancomart.com\/de\/wp-json\/wp\/v2\/pages\/11","targetHints":{"allow":["GET"]}}],"collection":[{"href":"https:\/\/fancomart.com\/de\/wp-json\/wp\/v2\/pages"}],"about":[{"href":"https:\/\/fancomart.com\/de\/wp-json\/wp\/v2\/types\/page"}],"author":[{"embeddable":true,"href":"https:\/\/fancomart.com\/de\/wp-json\/wp\/v2\/users\/1"}],"replies":[{"embeddable":true,"href":"https:\/\/fancomart.com\/de\/wp-json\/wp\/v2\/comments?post=11"}],"version-history":[{"count":0,"href":"https:\/\/fancomart.com\/de\/wp-json\/wp\/v2\/pages\/11\/revisions"}],"wp:attachment":[{"href":"https:\/\/fancomart.com\/de\/wp-json\/wp\/v2\/media?parent=11"}],"curies":[{"name":"wp","href":"https:\/\/api.w.org\/{rel}","templated":true}]}}