{"id":1534,"date":"2021-03-11T18:30:40","date_gmt":"2021-03-11T18:30:40","guid":{"rendered":"https:\/\/d-themes.com\/wordpress\/wolmart\/dummy\/demo-4\/?page_id=1534"},"modified":"2024-07-03T00:59:29","modified_gmt":"2024-07-02T22:59:29","slug":"privacy-policy","status":"publish","type":"page","link":"https:\/\/fancomart.com\/de\/privacy-policy\/","title":{"rendered":"Datenschutzrichtlinie"},"content":{"rendered":"<p><strong>Einf\u00fchrung<\/strong><\/p><p>Willkommen bei Fancomart. Wir respektieren Ihre Privatsph\u00e4re und verpflichten uns, Ihre pers\u00f6nlichen Daten zu sch\u00fctzen. Diese Datenschutzrichtlinie erl\u00e4utert, wie wir Ihre Daten sammeln, verwenden, offenlegen und sch\u00fctzen, wenn Sie unsere Website besuchen. <a href=\"https:\/\/fancomart.com\">https:\/\/fancomart.com<\/a> und nutzen Sie unsere Dienste.<\/p><p><strong>Von uns erfasste Daten<\/strong><\/p><p>1. <strong>Pers\u00f6nliche Daten<\/strong>: Beinhaltet Ihren Namen, Ihre E-Mail-Adresse, Lieferadresse, Telefonnummer und Zahlungsinformationen.<\/p><p>2. <strong>Nutzungsdaten<\/strong>: Informationen \u00fcber Ihre Interaktionen mit unserer Site, einschlie\u00dflich Ihrer IP-Adresse, Ihres Browsertyps und Ihrer Aktivit\u00e4tsprotokolle.<\/p><p>3. <strong>Google API-Daten<\/strong>: Daten, auf die mit Ihrer Zustimmung \u00fcber Google API-Dienste zugegriffen wird, z. B. Benutzerinformationen, die zur Verbesserung unserer Dienste erforderlich sind.<\/p><p><strong>Unsere Nutzung Ihrer Daten<\/strong><\/p><p>Wir verwenden die von uns gesammelten Informationen, um:<\/p><p>\u2022 Bereitstellung, Betrieb und Wartung unserer Website und Dienste.<\/p><p>\u2022 Unsere Dienste verbessern, personalisieren und erweitern.<\/p><p>\u2022 Verstehen und analysieren, wie Sie unsere Website nutzen.<\/p><p>\u2022 Entwickeln Sie neue Produkte, Dienste und Funktionen.<\/p><p>\u2022 Mit Ihnen zu kommunizieren, unter anderem f\u00fcr Kundendienst, Updates und Werbezwecke.<\/p><p>\u2022 Verarbeiten Sie Ihre Transaktionen und verwalten Sie Bestellungen.<\/p><p>\u2022 Erf\u00fcllen Sie gesetzliche Verpflichtungen und sch\u00fctzen Sie Ihre Rechte.<\/p><p><strong>Google API-Dienste<\/strong><\/p><p>Wenn Sie Google API Services verwenden, k\u00f6nnen wir gem\u00e4\u00df den Richtlinien von Google und Ihrer Zustimmung auf Daten zugreifen und diese speichern. Diese Daten tragen dazu bei, das Benutzererlebnis zu verbessern und personalisierte Dienste bereitzustellen. Wir stellen die Einhaltung der API-Richtlinien von Google sicher und verwenden die Daten nur f\u00fcr die vorgesehenen Zwecke.<\/p><p><strong>Weitergabe und Offenlegung von Daten<\/strong><\/p><p>Wir verkaufen, tauschen oder \u00fcbermitteln Ihre personenbezogenen Daten nicht ohne Ihre Zustimmung an Dritte, au\u00dfer:<\/p><p>\u2022 Um gesetzlichen Verpflichtungen nachzukommen.<\/p><p>\u2022 Um unsere Rechte und unser Eigentum zu sch\u00fctzen und zu verteidigen.<\/p><p>\u2022 Mit Dienstleistern, die uns beim Betrieb unserer Website und Dienste unterst\u00fctzen, vorbehaltlich Vertraulichkeitsvereinbarungen.<\/p><p><strong>Vorratsdatenspeicherung<\/strong><\/p><p>Wir bewahren Ihre personenbezogenen Daten nur so lange auf, wie dies zur Erf\u00fcllung der in dieser Richtlinie genannten Zwecke erforderlich ist, es sei denn, dass gesetzlich eine l\u00e4ngere Aufbewahrungsfrist vorgeschrieben oder zul\u00e4ssig ist.<\/p><p><strong>Deine Rechte<\/strong><\/p><p>Sie haben das Recht:<\/p><p>\u2022 Zugriff auf Ihre personenbezogenen Daten, Korrektur oder L\u00f6schung.<\/p><p>\u2022 Widerruf der Einwilligung, wenn die Verarbeitung auf einer Einwilligung beruht.<\/p><p>\u2022 Widerspruch gegen die Verarbeitung Ihrer Daten oder Einschr\u00e4nkung der Verarbeitung.<\/p><p>\u2022 Datenportabilit\u00e4t, die es Ihnen erm\u00f6glicht, die \u00dcbertragung Ihrer Daten an einen anderen Dienstanbieter anzufordern.<\/p><p><strong>Sicherheit<\/strong><\/p><p>Wir ergreifen geeignete technische und organisatorische Ma\u00dfnahmen, um Ihre Daten vor unbefugtem Zugriff, Ver\u00e4nderung, Offenlegung oder Zerst\u00f6rung zu sch\u00fctzen.<\/p><p><strong>Links zu Drittanbietern<\/strong><\/p><p>Unsere Website kann Links zu Websites Dritter enthalten. Wir sind nicht f\u00fcr die Datenschutzpraktiken oder den Inhalt dieser Websites verantwortlich. Bitte lesen Sie deren Datenschutzrichtlinien.<\/p><p><strong>\u00c4nderungen dieser Datenschutzrichtlinie<\/strong><\/p><p>Wir k\u00f6nnen diese Richtlinie von Zeit zu Zeit aktualisieren. Wir werden Sie \u00fcber alle \u00c4nderungen informieren, indem wir die neue Richtlinie auf unserer Website ver\u00f6ffentlichen und das Datum des Inkrafttretens aktualisieren.<\/p><p><strong>Kontaktiere uns<\/strong><\/p><p>Wenn Sie Fragen oder Bedenken zu dieser Datenschutzrichtlinie oder unseren Datenschutzpraktiken haben, kontaktieren Sie uns bitte unter:<\/p><p>E-Mail: info@fancomart.com<\/p>","protected":false},"excerpt":{"rendered":"<p>Einleitung Willkommen bei Fancomart. Wir respektieren Ihre Privatsph\u00e4re und verpflichten uns, Ihre pers\u00f6nlichen Daten zu sch\u00fctzen. Diese Datenschutzrichtlinie erl\u00e4utert, wie wir Ihre Daten sammeln, verwenden, offenlegen und sch\u00fctzen, wenn Sie unsere Website https:\/\/fancomart.com besuchen und unsere Dienste nutzen. Von uns gesammelte Informationen 1. Pers\u00f6nliche Daten: Dazu geh\u00f6ren Ihr Name, Ihre E-Mail-Adresse, Lieferadresse, Telefonnummer und [\u2026]<\/p>","protected":false},"author":1,"featured_media":0,"parent":0,"menu_order":0,"comment_status":"closed","ping_status":"closed","template":"","meta":{"footnotes":""},"class_list":["post-1534","page","type-page","status-publish","hentry"],"_links":{"self":[{"href":"https:\/\/fancomart.com\/de\/wp-json\/wp\/v2\/pages\/1534","targetHints":{"allow":["GET"]}}],"collection":[{"href":"https:\/\/fancomart.com\/de\/wp-json\/wp\/v2\/pages"}],"about":[{"href":"https:\/\/fancomart.com\/de\/wp-json\/wp\/v2\/types\/page"}],"author":[{"embeddable":true,"href":"https:\/\/fancomart.com\/de\/wp-json\/wp\/v2\/users\/1"}],"replies":[{"embeddable":true,"href":"https:\/\/fancomart.com\/de\/wp-json\/wp\/v2\/comments?post=1534"}],"version-history":[{"count":0,"href":"https:\/\/fancomart.com\/de\/wp-json\/wp\/v2\/pages\/1534\/revisions"}],"wp:attachment":[{"href":"https:\/\/fancomart.com\/de\/wp-json\/wp\/v2\/media?parent=1534"}],"curies":[{"name":"wp","href":"https:\/\/api.w.org\/{rel}","templated":true}]}}