{"id":3017,"date":"2021-02-28T16:27:41","date_gmt":"2021-02-28T16:27:41","guid":{"rendered":"https:\/\/d-themes.com\/wordpress\/wolmart\/elements\/?page_id=3017"},"modified":"2023-10-23T04:13:44","modified_gmt":"2023-10-23T02:13:44","slug":"contact-us","status":"publish","type":"page","link":"https:\/\/fancomart.com\/de\/contact-us\/","title":{"rendered":"Kontaktiere uns"},"content":{"rendered":"<div data-elementor-type=\"wp-page\" data-elementor-id=\"3017\" class=\"elementor elementor-3017\">\n\t\t\t\t\t\t<section class=\"elementor-section elementor-top-section elementor-element elementor-element-752f5c4 elementor-section-boxed elementor-section-height-default elementor-section-height-default\" data-id=\"752f5c4\" data-element_type=\"section\">\r\n\t\t\t\t\t\t\t\t\t\t<div class=\"elementor-container elementor-column-gap-no\" >\r\n\t\t\t\t\t\t\t\t\t\t<div class=\"elementor-column elementor-col-100 elementor-top-column elementor-element elementor-element-f4ab23b\" data-id=\"f4ab23b\" data-element_type=\"column\">\r\n\t\t\t\r\n\t\t\t<div class=\"elementor-widget-wrap elementor-element-populated\">\r\n\t\t\t\t\t\t\t\t<div class=\"elementor-element elementor-element-443ddb8 mb-3 mt-5 elementor-widget elementor-widget-wolmart_widget_heading\" data-id=\"443ddb8\" data-element_type=\"widget\" data-widget_type=\"wolmart_widget_heading.default\">\n\t\t\t\t<div class=\"elementor-widget-container\">\n\t\t\t\t\t<div class=\"title-wrapper  title-center\"><h3 class=\"title elementor-heading-title\">Kontaktinformationen<\/h3><\/div>\t\t\t\t<\/div>\n\t\t\t\t<\/div>\n\t\t\t\t<div class=\"elementor-element elementor-element-4ca4b1f mb-10 elementor-widget elementor-widget-wolmart_widget_heading\" data-id=\"4ca4b1f\" data-element_type=\"widget\" data-widget_type=\"wolmart_widget_heading.default\">\n\t\t\t\t<div class=\"elementor-widget-container\">\n\t\t\t\t\t<div class=\"title-wrapper  title-center\"><p class=\"title elementor-heading-title\">Wir sind gerne f\u00fcr Sie da und beantworten gerne Ihre Fragen. Wir freuen uns auf Ihre Kontaktaufnahme.<\/p><\/div>\t\t\t\t<\/div>\n\t\t\t\t<\/div>\n\t\t\t\t<section class=\"elementor-section elementor-inner-section elementor-element elementor-element-1d99862 pb-1 mb-8 elementor-section-boxed elementor-section-height-default elementor-section-height-default\" data-id=\"1d99862\" data-element_type=\"section\">\r\n\t\t\t\t\t\t\t\t\t\t<div class=\"elementor-container elementor-column-gap-no\" >\r\n\t\t\t\t\t\t\t\t\t\t<div class=\"elementor-column elementor-col-100 elementor-inner-column elementor-element elementor-element-28e844f\" data-id=\"28e844f\" data-element_type=\"column\">\r\n\t\t\t\r\n\t\t\t<div class=\"elementor-widget-wrap elementor-element-populated\">\r\n\t\t\t\t\t\t\t\t\t<div class=\"row cols-lg-4 cols-md-2 cols-sm-2 cols-1 cols-xl-4 gutter-md slider-wrapper\" data-slider-options=\"{&quot;effect&quot;:&quot;slide&quot;,&quot;spaceBetween&quot;:20,&quot;slidesPerView&quot;:4,&quot;breakpoints&quot;:{&quot;992&quot;:{&quot;slidesPerView&quot;:4},&quot;768&quot;:{&quot;slidesPerView&quot;:2},&quot;576&quot;:{&quot;slidesPerView&quot;:2},&quot;0&quot;:{&quot;slidesPerView&quot;:1},&quot;1200&quot;:{&quot;slidesPerView&quot;:4}},&quot;statusClass&quot;:&quot;slider-nav-outer&quot;}\">\r\n\t\t\t\t\t<div class=\"elementor-element elementor-element-ff0af99 elementor-view-default elementor-position-top elementor-mobile-position-top elementor-widget elementor-widget-icon-box\" data-id=\"ff0af99\" data-element_type=\"widget\" data-widget_type=\"icon-box.default\">\n\t\t\t\t<div class=\"elementor-widget-container\">\n\t\t\t\t\t\t\t<div class=\"elementor-icon-box-wrapper\">\n\n\t\t\t\t\t\t<div class=\"elementor-icon-box-icon\">\n\t\t\t\t<span  class=\"elementor-icon\">\n\t\t\t\t<i aria-hidden=\"true\" class=\"w-icon-envelop-closed\"><\/i>\t\t\t\t<\/span>\n\t\t\t<\/div>\n\t\t\t\n\t\t\t\t\t\t<div class=\"elementor-icon-box-content\">\n\n\t\t\t\t\t\t\t\t\t<h4 class=\"elementor-icon-box-title\">\n\t\t\t\t\t\t<span  >\n\t\t\t\t\t\t\tE-Mail-Adresse\t\t\t\t\t\t<\/span>\n\t\t\t\t\t<\/h4>\n\t\t\t\t\n\t\t\t\t\t\t\t\t\t<p class=\"elementor-icon-box-description\">\n\t\t\t\t\t\tinfo@fancomart.com\t\t\t\t\t<\/p>\n\t\t\t\t\n\t\t\t<\/div>\n\t\t\t\n\t\t<\/div>\n\t\t\t\t\t\t<\/div>\n\t\t\t\t<\/div>\n\t\t\t\t<div class=\"elementor-element elementor-element-072219a elementor-view-default elementor-position-top elementor-mobile-position-top elementor-widget elementor-widget-icon-box\" data-id=\"072219a\" data-element_type=\"widget\" data-widget_type=\"icon-box.default\">\n\t\t\t\t<div class=\"elementor-widget-container\">\n\t\t\t\t\t\t\t<div class=\"elementor-icon-box-wrapper\">\n\n\t\t\t\t\t\t<div class=\"elementor-icon-box-icon\">\n\t\t\t\t<span  class=\"elementor-icon\">\n\t\t\t\t<i aria-hidden=\"true\" class=\"w-icon-headphone\"><\/i>\t\t\t\t<\/span>\n\t\t\t<\/div>\n\t\t\t\n\t\t\t\t\t\t<div class=\"elementor-icon-box-content\">\n\n\t\t\t\t\t\t\t\t\t<h4 class=\"elementor-icon-box-title\">\n\t\t\t\t\t\t<span  >\n\t\t\t\t\t\t\tTelefonnummer\t\t\t\t\t\t<\/span>\n\t\t\t\t\t<\/h4>\n\t\t\t\t\n\t\t\t\t\n\t\t\t<\/div>\n\t\t\t\n\t\t<\/div>\n\t\t\t\t\t\t<\/div>\n\t\t\t\t<\/div>\n\t\t\t\t<div class=\"elementor-element elementor-element-179eb9d elementor-view-default elementor-position-top elementor-mobile-position-top elementor-widget elementor-widget-icon-box\" data-id=\"179eb9d\" data-element_type=\"widget\" data-widget_type=\"icon-box.default\">\n\t\t\t\t<div class=\"elementor-widget-container\">\n\t\t\t\t\t\t\t<div class=\"elementor-icon-box-wrapper\">\n\n\t\t\t\t\t\t<div class=\"elementor-icon-box-icon\">\n\t\t\t\t<span  class=\"elementor-icon\">\n\t\t\t\t<i aria-hidden=\"true\" class=\"w-icon-map-marker\"><\/i>\t\t\t\t<\/span>\n\t\t\t<\/div>\n\t\t\t\n\t\t\t\t\t\t<div class=\"elementor-icon-box-content\">\n\n\t\t\t\t\t\t\t\t\t<h4 class=\"elementor-icon-box-title\">\n\t\t\t\t\t\t<span  >\n\t\t\t\t\t\t\tAdresse\t\t\t\t\t\t<\/span>\n\t\t\t\t\t<\/h4>\n\t\t\t\t\n\t\t\t\t\t\t\t\t\t<p class=\"elementor-icon-box-description\">\n\t\t\t\t\t\tFrankfurt am Main\t\t\t\t\t<\/p>\n\t\t\t\t\n\t\t\t<\/div>\n\t\t\t\n\t\t<\/div>\n\t\t\t\t\t\t<\/div>\n\t\t\t\t<\/div>\n\t\t\t\t<div class=\"elementor-element elementor-element-4fdc9cb elementor-view-default elementor-position-top elementor-mobile-position-top elementor-widget elementor-widget-icon-box\" data-id=\"4fdc9cb\" data-element_type=\"widget\" data-widget_type=\"icon-box.default\">\n\t\t\t\t<div class=\"elementor-widget-container\">\n\t\t\t\t\t\t\t<div class=\"elementor-icon-box-wrapper\">\n\n\t\t\t\t\t\t<div class=\"elementor-icon-box-icon\">\n\t\t\t\t<span  class=\"elementor-icon\">\n\t\t\t\t<i aria-hidden=\"true\" class=\"w-icon-fax\"><\/i>\t\t\t\t<\/span>\n\t\t\t<\/div>\n\t\t\t\n\t\t\t\t\t\t<div class=\"elementor-icon-box-content\">\n\n\t\t\t\t\t\t\t\t\t<h4 class=\"elementor-icon-box-title\">\n\t\t\t\t\t\t<span  >\n\t\t\t\t\t\t\tFax\t\t\t\t\t\t<\/span>\n\t\t\t\t\t<\/h4>\n\t\t\t\t\n\t\t\t\t\n\t\t\t<\/div>\n\t\t\t\n\t\t<\/div>\n\t\t\t\t\t\t<\/div>\n\t\t\t\t<\/div>\n\t\t\t\t\t<\/div>\r\n\t\t\t\t\t\t<\/div>\r\n\t\t\t\r\n\t\t<\/div>\r\n\t\t\t\t\t\t\t\t\t\t\t\t\t\t\t<\/div>\r\n\t\t\t\t\t\t\t<\/section>\r\n\t\t\t\t<div class=\"elementor-element elementor-element-e3f5df7 mb-6 elementor-widget-divider--view-line elementor-widget elementor-widget-divider\" data-id=\"e3f5df7\" data-element_type=\"widget\" data-widget_type=\"divider.default\">\n\t\t\t\t<div class=\"elementor-widget-container\">\n\t\t\t\t\t\t\t<div class=\"elementor-divider\">\n\t\t\t<span class=\"elementor-divider-separator\">\n\t\t\t\t\t\t<\/span>\n\t\t<\/div>\n\t\t\t\t\t\t<\/div>\n\t\t\t\t<\/div>\n\t\t\t\t\t<\/div>\r\n\t\t\t\r\n\t\t<\/div>\r\n\t\t\t\t\t\t\t\t\t\t\t\t\t\t\t<\/div>\r\n\t\t\t\t\t\t\t<\/section>\r\n\t\t\t\t<section class=\"elementor-section elementor-top-section elementor-element elementor-element-2057a91 mb-4 pb-4 elementor-section-boxed elementor-section-height-default elementor-section-height-default\" data-id=\"2057a91\" data-element_type=\"section\">\r\n\t\t\t\t\t\t\t\t\t\t<div class=\"elementor-container elementor-column-gap-extended\" >\r\n\t\t\t\t\t\t\t\t\t\t<div class=\"elementor-column elementor-col-50 elementor-top-column elementor-element elementor-element-3cbc193\" data-id=\"3cbc193\" data-element_type=\"column\">\r\n\t\t\t\r\n\t\t\t<div class=\"elementor-widget-wrap elementor-element-populated\">\r\n\t\t\t\t\t\t\t\t<div class=\"elementor-element elementor-element-cc97d9a mb-3 elementor-widget elementor-widget-wolmart_widget_heading\" data-id=\"cc97d9a\" data-element_type=\"widget\" data-widget_type=\"wolmart_widget_heading.default\">\n\t\t\t\t<div class=\"elementor-widget-container\">\n\t\t\t\t\t<div class=\"title-wrapper  title-start\"><h4 class=\"title elementor-heading-title\">Die Leute fragen normalerweise diese<\/h4><\/div>\t\t\t\t<\/div>\n\t\t\t\t<\/div>\n\t\t\t\t<div class=\"elementor-section elementor-inner-section elementor-element elementor-element-22d616f elementor-section-boxed elementor-section-height-default elementor-section-height-default\" data-id=\"22d616f\" data-element_type=\"section\">\r\n\t\t\t\t\t\t\t\t\t\t<div class=\"elementor-container elementor-column-gap-no accordion accordion-boxed accordion-boxed2\" >\r\n\t\t\t\t\t\t\t\t\t\t<div class=\"card elementor-column elementor-col-12 elementor-inner-column elementor-element elementor-element-36f84c4\" data-id=\"36f84c4\" data-element_type=\"column\">\r\n\t\t\t\t\t\t\t<div class=\"card-header\">\r\n\t\t\t\t\t<a href=\"36f84c4\" class=\"collapse\" aria-label=\"Kartenkopf\">\r\n\t\t\t\t\t\t\t\t\t\t\t\t<span class=\"title\">Wie erstelle ich ein Konto?<\/span>\r\n\t\t\t\t\t\t<span class=\"toggle-icon opened\"><i class=\"w-icon-angle-up\"><\/i><\/span><span class=\"toggle-icon closed\"><i class=\"w-icon-angle-down\"><\/i><\/span>\t\t\t\t\t<\/a>\r\n\t\t\t\t<\/div>\r\n\t\t\t\r\n\t\t\t<div id=\"36f84c4\" class=\"card-body expanded elementor-widget-wrap elementor-element-populated\">\r\n\t\t\t\t\t\t\t\t<div class=\"elementor-element elementor-element-16c2ce0 elementor-widget elementor-widget-heading\" data-id=\"16c2ce0\" data-element_type=\"widget\" data-widget_type=\"heading.default\">\n\t\t\t\t<div class=\"elementor-widget-container\">\n\t\t\t\t\t<p class=\"elementor-heading-title elementor-size-default\">Navigieren Sie zur Schaltfl\u00e4che \u201eRegistrieren\u201c oben rechts auf unserer Homepage. Geben Sie Ihre Daten ein, legen Sie ein Passwort fest und schon k\u00f6nnen Sie mit dem Einkaufen beginnen!<\/p>\t\t\t\t<\/div>\n\t\t\t\t<\/div>\n\t\t\t\t\t<\/div>\r\n\t\t\t\r\n\t\t<\/div>\r\n\t\t\t\t<div class=\"card elementor-column elementor-col-12 elementor-inner-column elementor-element elementor-element-67b9848\" data-id=\"67b9848\" data-element_type=\"column\">\r\n\t\t\t\t\t\t\t<div class=\"card-header\">\r\n\t\t\t\t\t<a href=\"67b9848\" class=\"expand\" aria-label=\"Kartenkopf\">\r\n\t\t\t\t\t\t\t\t\t\t\t\t<span class=\"title\">Warum verz\u00f6gert sich meine Registrierung?<\/span>\r\n\t\t\t\t\t\t<span class=\"toggle-icon opened\"><i class=\"w-icon-angle-up\"><\/i><\/span><span class=\"toggle-icon closed\"><i class=\"w-icon-angle-down\"><\/i><\/span>\t\t\t\t\t<\/a>\r\n\t\t\t\t<\/div>\r\n\t\t\t\r\n\t\t\t<div id=\"67b9848\" class=\"card-body collapsed elementor-widget-wrap elementor-element-populated\">\r\n\t\t\t\t\t\t\t\t<div class=\"elementor-element elementor-element-c5b7c16 elementor-widget elementor-widget-heading\" data-id=\"c5b7c16\" data-element_type=\"widget\" data-widget_type=\"heading.default\">\n\t\t\t\t<div class=\"elementor-widget-container\">\n\t\t\t\t\t<p class=\"elementor-heading-title elementor-size-default\">Nach erfolgreicher Registrierung k\u00f6nnen Kunden sofort auf ihre Konten zugreifen. Wenn Sie sich jedoch als Verk\u00e4ufer registrieren, wird Ihr Antrag gepr\u00fcft. Nach der Genehmigung erhalten Sie eine Best\u00e4tigungs-E-Mail.<\/p>\t\t\t\t<\/div>\n\t\t\t\t<\/div>\n\t\t\t\t\t<\/div>\r\n\t\t\t\r\n\t\t<\/div>\r\n\t\t\t\t<div class=\"card elementor-column elementor-col-12 elementor-inner-column elementor-element elementor-element-0936fd5\" data-id=\"0936fd5\" data-element_type=\"column\">\r\n\t\t\t\t\t\t\t<div class=\"card-header\">\r\n\t\t\t\t\t<a href=\"0936fd5\" class=\"expand\" aria-label=\"Kartenkopf\">\r\n\t\t\t\t\t\t\t\t\t\t\t\t<span class=\"title\"> Ich habe mein Passwort vergessen. Wie kann ich es zur\u00fccksetzen?<\/span>\r\n\t\t\t\t\t\t<span class=\"toggle-icon opened\"><i class=\"w-icon-angle-up\"><\/i><\/span><span class=\"toggle-icon closed\"><i class=\"w-icon-angle-down\"><\/i><\/span>\t\t\t\t\t<\/a>\r\n\t\t\t\t<\/div>\r\n\t\t\t\r\n\t\t\t<div id=\"0936fd5\" class=\"card-body collapsed elementor-widget-wrap elementor-element-populated\">\r\n\t\t\t\t\t\t\t\t<div class=\"elementor-element elementor-element-e6a8c05 elementor-widget elementor-widget-heading\" data-id=\"e6a8c05\" data-element_type=\"widget\" data-widget_type=\"heading.default\">\n\t\t\t\t<div class=\"elementor-widget-container\">\n\t\t\t\t\t<p class=\"elementor-heading-title elementor-size-default\">Klicken Sie auf der Anmeldeseite auf den Link \u201ePasswort vergessen?\u201c. Geben Sie Ihre registrierte E-Mail-Adresse oder Ihren Benutzernamen ein und wir senden Ihnen einen Link zum Zur\u00fccksetzen Ihres Passworts.<\/p>\t\t\t\t<\/div>\n\t\t\t\t<\/div>\n\t\t\t\t\t<\/div>\r\n\t\t\t\r\n\t\t<\/div>\r\n\t\t\t\t<div class=\"card elementor-column elementor-col-12 elementor-inner-column elementor-element elementor-element-c9a2932\" data-id=\"c9a2932\" data-element_type=\"column\">\r\n\t\t\t\t\t\t\t<div class=\"card-header\">\r\n\t\t\t\t\t<a href=\"c9a2932\" class=\"expand\" aria-label=\"Kartenkopf\">\r\n\t\t\t\t\t\t\t\t\t\t\t\t<span class=\"title\">Wie kann ich eine Bestellung verfolgen?<\/span>\r\n\t\t\t\t\t\t<span class=\"toggle-icon opened\"><i class=\"w-icon-angle-up\"><\/i><\/span><span class=\"toggle-icon closed\"><i class=\"w-icon-angle-down\"><\/i><\/span>\t\t\t\t\t<\/a>\r\n\t\t\t\t<\/div>\r\n\t\t\t\r\n\t\t\t<div id=\"c9a2932\" class=\"card-body collapsed elementor-widget-wrap elementor-element-populated\">\r\n\t\t\t\t\t\t\t\t<div class=\"elementor-element elementor-element-eb23ba3 elementor-widget elementor-widget-heading\" data-id=\"eb23ba3\" data-element_type=\"widget\" data-widget_type=\"heading.default\">\n\t\t\t\t<div class=\"elementor-widget-container\">\n\t\t\t\t\t<p class=\"elementor-heading-title elementor-size-default\">Sobald Ihre Bestellung versandt wird, senden wir Ihnen per E-Mail eine Sendungsverfolgungsnummer. Sie k\u00f6nnen Bestellungen auch \u00fcber Ihr Konto-Dashboard verfolgen.<\/p>\t\t\t\t<\/div>\n\t\t\t\t<\/div>\n\t\t\t\t\t<\/div>\r\n\t\t\t\r\n\t\t<\/div>\r\n\t\t\t\t<div class=\"card elementor-column elementor-col-12 elementor-inner-column elementor-element elementor-element-140311e\" data-id=\"140311e\" data-element_type=\"column\">\r\n\t\t\t\t\t\t\t<div class=\"card-header\">\r\n\t\t\t\t\t<a href=\"140311e\" class=\"expand\" aria-label=\"Kartenkopf\">\r\n\t\t\t\t\t\t\t\t\t\t\t\t<span class=\"title\">Wie sind Ihre R\u00fcckgabebedingungen?<\/span>\r\n\t\t\t\t\t\t<span class=\"toggle-icon opened\"><i class=\"w-icon-angle-up\"><\/i><\/span><span class=\"toggle-icon closed\"><i class=\"w-icon-angle-down\"><\/i><\/span>\t\t\t\t\t<\/a>\r\n\t\t\t\t<\/div>\r\n\t\t\t\r\n\t\t\t<div id=\"140311e\" class=\"card-body collapsed elementor-widget-wrap elementor-element-populated\">\r\n\t\t\t\t\t\t\t\t<div class=\"elementor-element elementor-element-8e08b12 elementor-widget elementor-widget-heading\" data-id=\"8e08b12\" data-element_type=\"widget\" data-widget_type=\"heading.default\">\n\t\t\t\t<div class=\"elementor-widget-container\">\n\t\t\t\t\t<p class=\"elementor-heading-title elementor-size-default\">Jeder Anbieter kann seine eigenen R\u00fcckgabe- und R\u00fcckerstattungsrichtlinien festlegen. Wir haben jedoch eine allgemeine Marktplatzrichtlinie, um Kundenzufriedenheit und Vertrauen sicherzustellen.<\/p>\t\t\t\t<\/div>\n\t\t\t\t<\/div>\n\t\t\t\t\t<\/div>\r\n\t\t\t\r\n\t\t<\/div>\r\n\t\t\t\t<div class=\"card elementor-column elementor-col-12 elementor-inner-column elementor-element elementor-element-54b9a91\" data-id=\"54b9a91\" data-element_type=\"column\">\r\n\t\t\t\t\t\t\t<div class=\"card-header\">\r\n\t\t\t\t\t<a href=\"54b9a91\" class=\"expand\" aria-label=\"Kartenkopf\">\r\n\t\t\t\t\t\t\t\t\t\t\t\t<span class=\"title\">Wie wende ich einen Gutscheincode an?<\/span>\r\n\t\t\t\t\t\t<span class=\"toggle-icon opened\"><i class=\"w-icon-angle-up\"><\/i><\/span><span class=\"toggle-icon closed\"><i class=\"w-icon-angle-down\"><\/i><\/span>\t\t\t\t\t<\/a>\r\n\t\t\t\t<\/div>\r\n\t\t\t\r\n\t\t\t<div id=\"54b9a91\" class=\"card-body collapsed elementor-widget-wrap elementor-element-populated\">\r\n\t\t\t\t\t\t\t\t<div class=\"elementor-element elementor-element-9d0a3c1 elementor-widget elementor-widget-heading\" data-id=\"9d0a3c1\" data-element_type=\"widget\" data-widget_type=\"heading.default\">\n\t\t\t\t<div class=\"elementor-widget-container\">\n\t\t\t\t\t<p class=\"elementor-heading-title elementor-size-default\">Auf der Checkout-Seite gibt es ein Feld mit der Bezeichnung \u201eHaben Sie einen Gutschein?\u201c. Geben Sie dort Ihren Code ein und der Rabatt wird auf den angegebenen Anbieter angewendet.<\/p>\t\t\t\t<\/div>\n\t\t\t\t<\/div>\n\t\t\t\t\t<\/div>\r\n\t\t\t\r\n\t\t<\/div>\r\n\t\t\t\t<div class=\"card elementor-column elementor-col-12 elementor-inner-column elementor-element elementor-element-3780d85\" data-id=\"3780d85\" data-element_type=\"column\">\r\n\t\t\t\t\t\t\t<div class=\"card-header\">\r\n\t\t\t\t\t<a href=\"3780d85\" class=\"expand\" aria-label=\"Kartenkopf\">\r\n\t\t\t\t\t\t\t\t\t\t\t\t<span class=\"title\">Versenden Sie international?<\/span>\r\n\t\t\t\t\t\t<span class=\"toggle-icon opened\"><i class=\"w-icon-angle-up\"><\/i><\/span><span class=\"toggle-icon closed\"><i class=\"w-icon-angle-down\"><\/i><\/span>\t\t\t\t\t<\/a>\r\n\t\t\t\t<\/div>\r\n\t\t\t\r\n\t\t\t<div id=\"3780d85\" class=\"card-body collapsed elementor-widget-wrap elementor-element-populated\">\r\n\t\t\t\t\t\t\t\t<div class=\"elementor-element elementor-element-00f04fd elementor-widget elementor-widget-heading\" data-id=\"00f04fd\" data-element_type=\"widget\" data-widget_type=\"heading.default\">\n\t\t\t\t<div class=\"elementor-widget-container\">\n\t\t\t\t\t<p class=\"elementor-heading-title elementor-size-default\">Anbieter bieten internationalen Versand an. Bitte beachten Sie, dass Versandgeb\u00fchren, Z\u00f6lle und Lieferzeiten je nach Standort variieren k\u00f6nnen.<\/p>\t\t\t\t<\/div>\n\t\t\t\t<\/div>\n\t\t\t\t\t<\/div>\r\n\t\t\t\r\n\t\t<\/div>\r\n\t\t\t\t<div class=\"card elementor-column elementor-col-12 elementor-inner-column elementor-element elementor-element-47bbc6f\" data-id=\"47bbc6f\" data-element_type=\"column\">\r\n\t\t\t\t\t\t\t<div class=\"card-header\">\r\n\t\t\t\t\t<a href=\"47bbc6f\" class=\"expand\" aria-label=\"Kartenkopf\">\r\n\t\t\t\t\t\t\t\t\t\t\t\t<span class=\"title\">Wie lange dauert die Lieferung?<\/span>\r\n\t\t\t\t\t\t<span class=\"toggle-icon opened\"><i class=\"w-icon-angle-up\"><\/i><\/span><span class=\"toggle-icon closed\"><i class=\"w-icon-angle-down\"><\/i><\/span>\t\t\t\t\t<\/a>\r\n\t\t\t\t<\/div>\r\n\t\t\t\r\n\t\t\t<div id=\"47bbc6f\" class=\"card-body collapsed elementor-widget-wrap elementor-element-populated\">\r\n\t\t\t\t\t\t\t\t<div class=\"elementor-element elementor-element-2cb0c40 elementor-widget elementor-widget-heading\" data-id=\"2cb0c40\" data-element_type=\"widget\" data-widget_type=\"heading.default\">\n\t\t\t\t<div class=\"elementor-widget-container\">\n\t\t\t\t\t<p class=\"elementor-heading-title elementor-size-default\">Normalerweise werden Bestellungen innerhalb von 1-3 Werktagen geliefert. Die Lieferzeiten k\u00f6nnen jedoch je nach Anbieter, Produkt und Standort variieren.<\/p>\t\t\t\t<\/div>\n\t\t\t\t<\/div>\n\t\t\t\t\t<\/div>\r\n\t\t\t\r\n\t\t<\/div>\r\n\t\t\t\t\t\t\t\t\t\t\t\t\t\t\t<\/div>\r\n\t\t\t\t\t\t\t<\/div>\r\n\t\t\t\t\t<\/div>\r\n\t\t\t\r\n\t\t<\/div>\r\n\t\t\t\t<div class=\"elementor-column elementor-col-50 elementor-top-column elementor-element elementor-element-7204ed9\" data-id=\"7204ed9\" data-element_type=\"column\">\r\n\t\t\t\r\n\t\t\t<div class=\"elementor-widget-wrap elementor-element-populated\">\r\n\t\t\t\t\t\t\t\t<div class=\"elementor-element elementor-element-6f003cd mb-3 elementor-widget elementor-widget-wolmart_widget_heading\" data-id=\"6f003cd\" data-element_type=\"widget\" data-widget_type=\"wolmart_widget_heading.default\">\n\t\t\t\t<div class=\"elementor-widget-container\">\n\t\t\t\t\t<div class=\"title-wrapper  title-start\"><h4 class=\"title elementor-heading-title\">Schick uns eine Nachricht<\/h4><\/div>\t\t\t\t<\/div>\n\t\t\t\t<\/div>\n\t\t\t\t<div class=\"elementor-element elementor-element-f2f2d5d elementor-widget elementor-widget-shortcode\" data-id=\"f2f2d5d\" data-element_type=\"widget\" data-widget_type=\"shortcode.default\">\n\t\t\t\t<div class=\"elementor-widget-container\">\n\t\t\t\t\t\t\t<div class=\"elementor-shortcode\">\n<div class=\"wpcf7 no-js\" id=\"wpcf7-f27-o1\" lang=\"en-US\" dir=\"ltr\" data-wpcf7-id=\"27\">\n<div class=\"screen-reader-response\"><p role=\"status\" aria-live=\"polite\" aria-atomic=\"true\"><\/p> <ul><\/ul><\/div>\n<form action=\"\/de\/wp-json\/wp\/v2\/pages\/3017#wpcf7-f27-o1\" method=\"post\" class=\"wpcf7-form init\" aria-label=\"Kontaktformular\" novalidate=\"novalidate\" data-status=\"init\" data-trp-original-action=\"\/de\/wp-json\/wp\/v2\/pages\/3017#wpcf7-f27-o1\">\n<div style=\"display: none;\">\n<input type=\"hidden\" name=\"_wpcf7\" value=\"27\" \/>\n<input type=\"hidden\" name=\"_wpcf7_version\" value=\"6.0.6\" \/>\n<input type=\"hidden\" name=\"_wpcf7_locale\" value=\"en_US\" \/>\n<input type=\"hidden\" name=\"_wpcf7_unit_tag\" value=\"wpcf7-f27-o1\" \/>\n<input type=\"hidden\" name=\"_wpcf7_container_post\" value=\"0\" \/>\n<input type=\"hidden\" name=\"_wpcf7_posted_data_hash\" value=\"\" \/>\n<\/div>\n<p><label> Ihr Name<br \/>\n<span class=\"wpcf7-form-control-wrap\" data-name=\"your-name\"><input size=\"40\" maxlength=\"400\" class=\"wpcf7-form-control wpcf7-text wpcf7-validates-as-required form-control\" aria-required=\"true\" aria-invalid=\"false\" value=\"\" type=\"text\" name=\"your-name\" \/><\/span><br \/>\n<\/label>\n<\/p>\n<p><label> Deine E-Mail<br \/>\n<span class=\"wpcf7-form-control-wrap\" data-name=\"your-email\"><input size=\"40\" maxlength=\"400\" class=\"wpcf7-form-control wpcf7-email wpcf7-validates-as-required wpcf7-text wpcf7-validates-as-email form-control\" aria-required=\"true\" aria-invalid=\"false\" value=\"\" type=\"email\" name=\"your-email\" \/><\/span><br \/>\n<\/label>\n<\/p>\n<p><label>Ihre Nachricht<br \/>\n<span class=\"wpcf7-form-control-wrap\" data-name=\"your-message\"><textarea cols=\"40\" rows=\"10\" maxlength=\"2000\" class=\"wpcf7-form-control wpcf7-textarea wpcf7-validates-as-required form-control\" aria-required=\"true\" aria-invalid=\"false\" name=\"your-message\"><\/textarea><\/span><br \/>\n<\/label>\n<\/p>\n<p><button class=\"wpcf7-form-control wpcf7-submit btn btn-rounded btn-dark ml-sm-2 ls-normal pl-5 pr-5\" type=\"submit\" value=\"SEND NOW\">SCHICK JETZT<\/button>\n<\/p><div class=\"wpcf7-response-output\" aria-hidden=\"true\"><\/div>\n<input type=\"hidden\" name=\"trp-form-language\" value=\"de\"\/><\/form>\n<\/div>\n<\/div>\n\t\t\t\t\t\t<\/div>\n\t\t\t\t<\/div>\n\t\t\t\t\t<\/div>\r\n\t\t\t\r\n\t\t<\/div>\r\n\t\t\t\t\t\t\t\t\t\t\t\t\t\t\t<\/div>\r\n\t\t\t\t\t\t\t<\/section>\r\n\t\t\t\t<section class=\"elementor-section elementor-top-section elementor-element elementor-element-b114126 elementor-section-full_width elementor-section-height-default elementor-section-height-default\" data-id=\"b114126\" data-element_type=\"section\">\r\n\t\t\t\t\t\t\t\t\t\t<div class=\"elementor-container elementor-column-gap-no\" >\r\n\t\t\t\t\t\t\t\t\t\t<div class=\"elementor-column elementor-col-100 elementor-top-column elementor-element elementor-element-f3d2bba\" data-id=\"f3d2bba\" data-element_type=\"column\">\r\n\t\t\t\r\n\t\t\t<div class=\"elementor-widget-wrap\">\r\n\t\t\t\t\t\t\t\t\t<\/div>\r\n\t\t\t\r\n\t\t<\/div>\r\n\t\t\t\t\t\t\t\t\t\t\t\t\t\t\t<\/div>\r\n\t\t\t\t\t\t\t<\/section>\r\n\t\t\t\t<\/div>","protected":false},"excerpt":{"rendered":"<p>Kontaktinformationen Wir helfen Ihnen gerne weiter und beantworten Ihre Fragen. Wir freuen uns auf Ihre Kontaktaufnahme. E-Mail-Adresse info@fancomart.com Telefonnummer Adresse Frankfurt am Main Fax Diese Fragen werden h\u00e4ufig gestellt. Navigieren Sie zum Button \u201eRegistrieren\u201c oben rechts auf unserer Homepage. Geben Sie Ihre Daten ein, legen Sie ein Passwort fest und schon sind Sie [\u2026]<\/p>","protected":false},"author":1,"featured_media":0,"parent":0,"menu_order":0,"comment_status":"closed","ping_status":"closed","template":"","meta":{"footnotes":""},"class_list":["post-3017","page","type-page","status-publish","hentry"],"_links":{"self":[{"href":"https:\/\/fancomart.com\/de\/wp-json\/wp\/v2\/pages\/3017","targetHints":{"allow":["GET"]}}],"collection":[{"href":"https:\/\/fancomart.com\/de\/wp-json\/wp\/v2\/pages"}],"about":[{"href":"https:\/\/fancomart.com\/de\/wp-json\/wp\/v2\/types\/page"}],"author":[{"embeddable":true,"href":"https:\/\/fancomart.com\/de\/wp-json\/wp\/v2\/users\/1"}],"replies":[{"embeddable":true,"href":"https:\/\/fancomart.com\/de\/wp-json\/wp\/v2\/comments?post=3017"}],"version-history":[{"count":0,"href":"https:\/\/fancomart.com\/de\/wp-json\/wp\/v2\/pages\/3017\/revisions"}],"wp:attachment":[{"href":"https:\/\/fancomart.com\/de\/wp-json\/wp\/v2\/media?parent=3017"}],"curies":[{"name":"wp","href":"https:\/\/api.w.org\/{rel}","templated":true}]}}