{"id":3020,"date":"2021-04-02T22:20:54","date_gmt":"2021-04-02T22:20:54","guid":{"rendered":"https:\/\/d-themes.com\/wordpress\/wolmart\/elements\/?page_id=3020"},"modified":"2023-09-21T14:37:09","modified_gmt":"2023-09-21T14:37:09","slug":"about-us","status":"publish","type":"page","link":"https:\/\/fancomart.com\/de\/about-us\/","title":{"rendered":"\u00dcber uns"},"content":{"rendered":"<div data-elementor-type=\"wp-page\" data-elementor-id=\"3020\" class=\"elementor elementor-3020\">\n\t\t\t\t\t\t<section class=\"elementor-section elementor-top-section elementor-element elementor-element-8a52b9a elementor-section-boxed elementor-section-height-default elementor-section-height-default\" data-id=\"8a52b9a\" data-element_type=\"section\">\r\n\t\t\t\t\t\t\t\t\t\t<div class=\"elementor-container elementor-column-gap-default\" >\r\n\t\t\t\t\t\t\t\t\t\t<div class=\"elementor-column elementor-col-100 elementor-top-column elementor-element elementor-element-4a76595\" data-id=\"4a76595\" data-element_type=\"column\">\r\n\t\t\t\r\n\t\t\t<div class=\"elementor-widget-wrap elementor-element-populated\">\r\n\t\t\t\t\t\t\t\t<div class=\"elementor-element elementor-element-52b7f52 mt-10 elementor-widget elementor-widget-heading\" data-id=\"52b7f52\" data-element_type=\"widget\" data-widget_type=\"heading.default\">\n\t\t\t\t<div class=\"elementor-widget-container\">\n\t\t\t\t\t<h2 class=\"elementor-heading-title elementor-size-default\">Wir sind Devoted Marketplace<br>\nPlattform, die Ihrem Unternehmen beim Wachstum hilft<\/h2>\t\t\t\t<\/div>\n\t\t\t\t<\/div>\n\t\t\t\t<div class=\"elementor-element elementor-element-a6c80f9 ml-auto mr-auto max-565 elementor-widget elementor-widget-heading\" data-id=\"a6c80f9\" data-element_type=\"widget\" data-widget_type=\"heading.default\">\n\t\t\t\t<div class=\"elementor-widget-container\">\n\t\t\t\t\t<p class=\"elementor-heading-title elementor-size-default\">Bei Fancomart glauben wir an die Kraft der Gemeinschaft und Zusammenarbeit. Wir stellen uns einen lebendigen Marktplatz vor, auf dem Verk\u00e4ufer mit unterschiedlichem Hintergrund zusammenkommen und Produkte anbieten, die bei einem globalen Publikum Anklang finden. Unser Ziel ist es, einen Raum zu schaffen, in dem Innovation gedeiht, Traditionen gefeiert werden und Qualit\u00e4t an erster Stelle steht.<\/p>\t\t\t\t<\/div>\n\t\t\t\t<\/div>\n\t\t\t\t<div class=\"elementor-element elementor-element-e1fa866 elementor-widget elementor-widget-image\" data-id=\"e1fa866\" data-element_type=\"widget\" data-widget_type=\"image.default\">\n\t\t\t\t<div class=\"elementor-widget-container\">\n\t\t\t\t\t\t\t\t\t\t\t\t\t\t\t<img fetchpriority=\"high\" decoding=\"async\" width=\"1240\" height=\"540\" src=\"https:\/\/fancomart.com\/wp-content\/uploads\/2021\/04\/banner-1.jpg\" class=\"attachment-full size-full wp-image-3000\" alt=\"Banner\" srcset=\"https:\/\/fancomart.com\/wp-content\/uploads\/2021\/04\/banner-1.jpg 1240w, https:\/\/fancomart.com\/wp-content\/uploads\/2021\/04\/banner-1-1024x446.jpg 1024w, https:\/\/fancomart.com\/wp-content\/uploads\/2021\/04\/banner-1-768x334.jpg 768w, https:\/\/fancomart.com\/wp-content\/uploads\/2021\/04\/banner-1-600x261.jpg 600w\" sizes=\"(max-width: 1240px) 100vw, 1240px\" \/>\t\t\t\t\t\t\t\t\t\t\t\t\t\t\t<\/div>\n\t\t\t\t<\/div>\n\t\t\t\t\t<\/div>\r\n\t\t\t\r\n\t\t<\/div>\r\n\t\t\t\t\t\t\t\t\t\t\t\t\t\t\t<\/div>\r\n\t\t\t\t\t\t\t<\/section>\r\n\t\t\t\t<section class=\"elementor-section elementor-top-section elementor-element elementor-element-4fcd81f accordion-section elementor-section-boxed elementor-section-height-default elementor-section-height-default\" data-id=\"4fcd81f\" data-element_type=\"section\">\r\n\t\t\t\t\t\t\t\t\t\t<div class=\"elementor-container elementor-column-gap-default\" >\r\n\t\t\t\t\t\t\t\t\t\t<div class=\"elementor-column elementor-col-50 elementor-top-column elementor-element elementor-element-b75bced\" data-id=\"b75bced\" data-element_type=\"column\">\r\n\t\t\t\r\n\t\t\t<div class=\"elementor-widget-wrap elementor-element-populated\">\r\n\t\t\t\t\t\t\t\t<div class=\"elementor-element elementor-element-225f86d mb-4 elementor-widget elementor-widget-heading\" data-id=\"225f86d\" data-element_type=\"widget\" data-widget_type=\"heading.default\">\n\t\t\t\t<div class=\"elementor-widget-container\">\n\t\t\t\t\t<h2 class=\"elementor-heading-title elementor-size-default\">Warum Fancomart w\u00e4hlen?<\/h2>\t\t\t\t<\/div>\n\t\t\t\t<\/div>\n\t\t\t\t<div class=\"elementor-section elementor-inner-section elementor-element elementor-element-8621a48 mr-6 elementor-section-boxed elementor-section-height-default elementor-section-height-default\" data-id=\"8621a48\" data-element_type=\"section\">\r\n\t\t\t\t\t\t\t\t\t\t<div class=\"elementor-container elementor-column-gap-no accordion accordion-boxed accordion-border\" >\r\n\t\t\t\t\t\t\t\t\t\t<div class=\"card elementor-column elementor-col-50 elementor-inner-column elementor-element elementor-element-c634a78\" data-id=\"c634a78\" data-element_type=\"column\">\r\n\t\t\t\t\t\t\t<div class=\"card-header\">\r\n\t\t\t\t\t<a href=\"c634a78\" class=\"collapse\" aria-label=\"Kartenkopf\">\r\n\t\t\t\t\t\t\t\t\t\t\t\t<span class=\"title\">F\u00fcr Anbieter:<\/span>\r\n\t\t\t\t\t\t<span class=\"toggle-icon opened\"><i class=\"w-icon-minus\"><\/i><\/span><span class=\"toggle-icon closed\"><i class=\"w-icon-plus\"><\/i><\/span>\t\t\t\t\t<\/a>\r\n\t\t\t\t<\/div>\r\n\t\t\t\r\n\t\t\t<div id=\"c634a78\" class=\"card-body expanded elementor-widget-wrap elementor-element-populated\">\r\n\t\t\t\t\t\t\t\t<div class=\"elementor-element elementor-element-28e3bad elementor-widget elementor-widget-heading\" data-id=\"28e3bad\" data-element_type=\"widget\" data-widget_type=\"heading.default\">\n\t\t\t\t<div class=\"elementor-widget-container\">\n\t\t\t\t\t<p class=\"elementor-heading-title elementor-size-default\"><strong>Globale Reichweite:<\/strong>.<br> Greifen Sie auf ein gro\u00dfes Publikum aus der ganzen Welt zu.<br>\n<strong>Einfache Verwaltung:<\/strong>.<br> Benutzerfreundliche Dashboards zur Verwaltung von Produkten, Bestellungen und Zahlungen.<br>\n<strong>Gemeinschaftliche Unterst\u00fctzung: <\/strong>.<br> Arbeiten Sie mit unserer dynamischen Anbietergemeinschaft zusammen, lernen Sie und wachsen Sie.\n\n<\/p>\t\t\t\t<\/div>\n\t\t\t\t<\/div>\n\t\t\t\t\t<\/div>\r\n\t\t\t\r\n\t\t<\/div>\r\n\t\t\t\t<div class=\"card elementor-column elementor-col-50 elementor-inner-column elementor-element elementor-element-3a0bf40\" data-id=\"3a0bf40\" data-element_type=\"column\">\r\n\t\t\t\t\t\t\t<div class=\"card-header\">\r\n\t\t\t\t\t<a href=\"3a0bf40\" class=\"expand\" aria-label=\"Kartenkopf\">\r\n\t\t\t\t\t\t\t\t\t\t\t\t<span class=\"title\">F\u00fcr K\u00e4ufer:<\/span>\r\n\t\t\t\t\t\t<span class=\"toggle-icon opened\"><i class=\"w-icon-minus\"><\/i><\/span><span class=\"toggle-icon closed\"><i class=\"w-icon-plus\"><\/i><\/span>\t\t\t\t\t<\/a>\r\n\t\t\t\t<\/div>\r\n\t\t\t\r\n\t\t\t<div id=\"3a0bf40\" class=\"card-body collapsed elementor-widget-wrap elementor-element-populated\">\r\n\t\t\t\t\t\t\t\t<div class=\"elementor-element elementor-element-e3d5540 elementor-widget elementor-widget-heading\" data-id=\"e3d5540\" data-element_type=\"widget\" data-widget_type=\"heading.default\">\n\t\t\t\t<div class=\"elementor-widget-container\">\n\t\t\t\t\t<p class=\"elementor-heading-title elementor-size-default\"><strong>Verschiedene Produkte: <\/strong>Entdecken Sie Produkte, die Sie anderswo nicht finden, von handgefertigten Artefakten bis hin zu innovativen Gadgets.<br>\n<strong>Sichere Transaktionen:<\/strong> Kaufen Sie beruhigt ein und wissen Sie, dass Ihre Daten durch erstklassige Sicherheitsma\u00dfnahmen gesch\u00fctzt sind.<br>\n<strong>24\/7-Support: <\/strong>Unser engagiertes Kundendienstteam ist immer bereit, Ihnen zu helfen.<\/p>\t\t\t\t<\/div>\n\t\t\t\t<\/div>\n\t\t\t\t\t<\/div>\r\n\t\t\t\r\n\t\t<\/div>\r\n\t\t\t\t\t\t\t\t\t\t\t\t\t\t\t<\/div>\r\n\t\t\t\t\t\t\t<\/div>\r\n\t\t\t\t\t<\/div>\r\n\t\t\t\r\n\t\t<\/div>\r\n\t\t\t\t<div class=\"elementor-column elementor-col-50 elementor-top-column elementor-element elementor-element-fcc5620\" data-id=\"fcc5620\" data-element_type=\"column\">\r\n\t\t\t\r\n\t\t\t<div class=\"elementor-widget-wrap elementor-element-populated\">\r\n\t\t\t\t\t\t\t\t<div class=\"elementor-element elementor-element-74bfcb9 elementor-widget elementor-widget-image\" data-id=\"74bfcb9\" data-element_type=\"widget\" data-widget_type=\"image.default\">\n\t\t\t\t<div class=\"elementor-widget-container\">\n\t\t\t\t\t\t\t\t\t\t\t\t\t\t\t<img decoding=\"async\" width=\"610\" height=\"500\" src=\"https:\/\/fancomart.com\/wp-content\/uploads\/2021\/04\/banner-2.jpg\" class=\"attachment-full size-full wp-image-3001\" alt=\"Banner\" srcset=\"https:\/\/fancomart.com\/wp-content\/uploads\/2021\/04\/banner-2.jpg 610w, https:\/\/fancomart.com\/wp-content\/uploads\/2021\/04\/banner-2-600x492.jpg 600w\" sizes=\"(max-width: 610px) 100vw, 610px\" \/>\t\t\t\t\t\t\t\t\t\t\t\t\t\t\t<\/div>\n\t\t\t\t<\/div>\n\t\t\t\t\t<\/div>\r\n\t\t\t\r\n\t\t<\/div>\r\n\t\t\t\t\t\t\t\t\t\t\t\t\t\t\t<\/div>\r\n\t\t\t\t\t\t\t<\/section>\r\n\t\t\t\t<div class=\"elementor-section elementor-top-section elementor-element elementor-element-d6c85bc elementor-section-boxed elementor-section-height-default elementor-section-height-default\" data-id=\"d6c85bc\" data-element_type=\"section\" data-settings=\"{&quot;background_background&quot;:&quot;classic&quot;}\">\r\n\t\t\t\t\t\t\t\t\t\t<div class=\"elementor-container elementor-column-gap-default\" >\r\n\t\t\t\t\t\t\t\t\t\t<div class=\"elementor-column elementor-col-100 elementor-top-column elementor-element elementor-element-418ff84\" data-id=\"418ff84\" data-element_type=\"column\">\r\n\t\t\t\r\n\t\t\t<div class=\"elementor-widget-wrap elementor-element-populated\">\r\n\t\t\t\t\t\t\t\t<section class=\"elementor-section elementor-inner-section elementor-element elementor-element-8935443 elementor-section-content-middle elementor-section-boxed elementor-section-height-default elementor-section-height-default\" data-id=\"8935443\" data-element_type=\"section\">\r\n\t\t\t\t\t\t\t\t\t\t<div class=\"elementor-container elementor-column-gap-default\" >\r\n\t\t\t\t\t\t\t\t\t\t<div class=\"elementor-column elementor-col-50 elementor-inner-column elementor-element elementor-element-71a98f7\" data-id=\"71a98f7\" data-element_type=\"column\">\r\n\t\t\t\r\n\t\t\t<div class=\"elementor-widget-wrap elementor-element-populated\">\r\n\t\t\t\t\t\t\t\t<div class=\"elementor-element elementor-element-0984a3b elementor-widget elementor-widget-image\" data-id=\"0984a3b\" data-element_type=\"widget\" data-widget_type=\"image.default\">\n\t\t\t\t<div class=\"elementor-widget-container\">\n\t\t\t\t\t\t\t\t\t\t\t\t\t\t\t<img decoding=\"async\" width=\"610\" height=\"450\" src=\"https:\/\/fancomart.com\/wp-content\/uploads\/2021\/04\/banner-3.jpg\" class=\"attachment-full size-full wp-image-3002\" alt=\"Banner\" srcset=\"https:\/\/fancomart.com\/wp-content\/uploads\/2021\/04\/banner-3.jpg 610w, https:\/\/fancomart.com\/wp-content\/uploads\/2021\/04\/banner-3-600x443.jpg 600w\" sizes=\"(max-width: 610px) 100vw, 610px\" \/>\t\t\t\t\t\t\t\t\t\t\t\t\t\t\t<\/div>\n\t\t\t\t<\/div>\n\t\t\t\t\t<\/div>\r\n\t\t\t\r\n\t\t<\/div>\r\n\t\t\t\t<div class=\"elementor-column elementor-col-50 elementor-inner-column elementor-element elementor-element-a0e7bab\" data-id=\"a0e7bab\" data-element_type=\"column\">\r\n\t\t\t\r\n\t\t\t<div class=\"elementor-widget-wrap elementor-element-populated\">\r\n\t\t\t\t\t\t\t\t<div class=\"elementor-element elementor-element-c5d9bb8 ml-lg-6 elementor-widget elementor-widget-heading\" data-id=\"c5d9bb8\" data-element_type=\"widget\" data-widget_type=\"heading.default\">\n\t\t\t\t<div class=\"elementor-widget-container\">\n\t\t\t\t\t<h2 class=\"elementor-heading-title elementor-size-default\">Unser Engagement\n<\/h2>\t\t\t\t<\/div>\n\t\t\t\t<\/div>\n\t\t\t\t<div class=\"elementor-element elementor-element-27c55ec ml-lg-6 elementor-widget elementor-widget-heading\" data-id=\"27c55ec\" data-element_type=\"widget\" data-widget_type=\"heading.default\">\n\t\t\t\t<div class=\"elementor-widget-container\">\n\t\t\t\t\t<p class=\"elementor-heading-title elementor-size-default\">Wir sind mehr als nur ein Marktplatz. Wir sind eine Gemeinschaft. Unser Ziel besteht darin, sicherzustellen, dass unsere Anbieter die beste Plattform erhalten, um ihre Leidenschaft zu zeigen, und dass unsere Kunden eine beispiellose Qualit\u00e4t und Vielfalt an Produkten erhalten. Nachhaltigkeit, Ethik und Authentizit\u00e4t bestimmen unser Handeln.<\/p>\t\t\t\t<\/div>\n\t\t\t\t<\/div>\n\t\t\t\t<div class=\"elementor-element elementor-element-b6a4bca ml-lg-6 elementor-widget elementor-widget-wolmart_widget_button\" data-id=\"b6a4bca\" data-element_type=\"widget\" data-widget_type=\"wolmart_widget_button.default\">\n\t\t\t\t<div class=\"elementor-widget-container\">\n\t\t\t\t\t<a class=\"btn btn-lg btn-rounded btn-dark\" href=\"https:\/\/fancomart.com\/shop\" >Besuchen Sie unseren Shop<\/a>\t\t\t\t<\/div>\n\t\t\t\t<\/div>\n\t\t\t\t\t<\/div>\r\n\t\t\t\r\n\t\t<\/div>\r\n\t\t\t\t\t\t\t\t\t\t\t\t\t\t\t<\/div>\r\n\t\t\t\t\t\t\t<\/section>\r\n\t\t\t\t\t<\/div>\r\n\t\t\t\r\n\t\t<\/div>\r\n\t\t\t\t\t\t\t\t\t\t\t\t\t\t\t<\/div>\r\n\t\t\t\t\t\t\t<\/div>\r\n\t\t\t\t<section class=\"elementor-section elementor-top-section elementor-element elementor-element-112e6cd elementor-section-boxed elementor-section-height-default elementor-section-height-default\" data-id=\"112e6cd\" data-element_type=\"section\">\r\n\t\t\t\t\t\t\t\t\t\t<div class=\"elementor-container elementor-column-gap-default\" >\r\n\t\t\t\t\t\t\t\t\t\t<div class=\"elementor-column elementor-col-100 elementor-top-column elementor-element elementor-element-fcfc738\" data-id=\"fcfc738\" data-element_type=\"column\">\r\n\t\t\t\r\n\t\t\t<div class=\"elementor-widget-wrap elementor-element-populated\">\r\n\t\t\t\t\t\t\t\t<div class=\"elementor-element elementor-element-c22ef72 elementor-widget elementor-widget-heading\" data-id=\"c22ef72\" data-element_type=\"widget\" data-widget_type=\"heading.default\">\n\t\t\t\t<div class=\"elementor-widget-container\">\n\t\t\t\t\t<h2 class=\"elementor-heading-title elementor-size-default\">Nehmen Sie an unserer Reise teil <\/h2>\t\t\t\t<\/div>\n\t\t\t\t<\/div>\n\t\t\t\t\t<\/div>\r\n\t\t\t\r\n\t\t<\/div>\r\n\t\t\t\t\t\t\t\t\t\t\t\t\t\t\t<\/div>\r\n\t\t\t\t\t\t\t<\/section>\r\n\t\t\t\t<section class=\"elementor-section elementor-top-section elementor-element elementor-element-c3e7950 elementor-section-boxed elementor-section-height-default elementor-section-height-default\" data-id=\"c3e7950\" data-element_type=\"section\">\r\n\t\t\t\t\t\t\t\t\t\t<div class=\"elementor-container elementor-column-gap-default\" >\r\n\t\t\t\t\t\t\t\t\t\t<div class=\"elementor-column elementor-col-100 elementor-top-column elementor-element elementor-element-bdba33f\" data-id=\"bdba33f\" data-element_type=\"column\">\r\n\t\t\t\r\n\t\t\t<div class=\"elementor-widget-wrap elementor-element-populated\">\r\n\t\t\t\t\t\t\t\t<div class=\"elementor-element elementor-element-0ac439f elementor-widget elementor-widget-heading\" data-id=\"0ac439f\" data-element_type=\"widget\" data-widget_type=\"heading.default\">\n\t\t\t\t<div class=\"elementor-widget-container\">\n\t\t\t\t\t<p class=\"elementor-heading-title elementor-size-default\"><span>Egal, ob Sie ein Verk\u00e4ufer sind, der die perfekte Plattform zur Pr\u00e4sentation Ihrer Produkte sucht, oder ein K\u00e4ufer, der auf der Suche nach einzigartigen Fundst\u00fccken ist, Fancomart hei\u00dft Sie willkommen. Seien Sie dabei, wenn wir Online-Shopping Produkt f\u00fcr Produkt neu definieren.<\/span><br><\/p>\t\t\t\t<\/div>\n\t\t\t\t<\/div>\n\t\t\t\t\t<\/div>\r\n\t\t\t\r\n\t\t<\/div>\r\n\t\t\t\t\t\t\t\t\t\t\t\t\t\t\t<\/div>\r\n\t\t\t\t\t\t\t<\/section>\r\n\t\t\t\t<\/div>","protected":false},"excerpt":{"rendered":"<p>Wir sind eine engagierte Marktplatzplattform, die Ihrem Unternehmen beim Wachstum hilft. Bei Fancomart glauben wir an die Macht der Gemeinschaft und der Zusammenarbeit. Wir stellen uns einen lebendigen Marktplatz vor, auf dem Verk\u00e4ufer mit unterschiedlichem Hintergrund zusammenkommen und Produkte anbieten, die bei einem weltweiten Publikum Anklang finden. Wir m\u00f6chten einen Ort schaffen, an dem Innovation gedeiht, Traditionen gefeiert werden und Qualit\u00e4t an erster Stelle steht. [\u2026]<\/p>","protected":false},"author":1,"featured_media":0,"parent":0,"menu_order":0,"comment_status":"closed","ping_status":"closed","template":"","meta":{"footnotes":""},"class_list":["post-3020","page","type-page","status-publish","hentry"],"_links":{"self":[{"href":"https:\/\/fancomart.com\/de\/wp-json\/wp\/v2\/pages\/3020","targetHints":{"allow":["GET"]}}],"collection":[{"href":"https:\/\/fancomart.com\/de\/wp-json\/wp\/v2\/pages"}],"about":[{"href":"https:\/\/fancomart.com\/de\/wp-json\/wp\/v2\/types\/page"}],"author":[{"embeddable":true,"href":"https:\/\/fancomart.com\/de\/wp-json\/wp\/v2\/users\/1"}],"replies":[{"embeddable":true,"href":"https:\/\/fancomart.com\/de\/wp-json\/wp\/v2\/comments?post=3020"}],"version-history":[{"count":0,"href":"https:\/\/fancomart.com\/de\/wp-json\/wp\/v2\/pages\/3020\/revisions"}],"wp:attachment":[{"href":"https:\/\/fancomart.com\/de\/wp-json\/wp\/v2\/media?parent=3020"}],"curies":[{"name":"wp","href":"https:\/\/api.w.org\/{rel}","templated":true}]}}