{"id":3362,"date":"2024-01-24T22:18:51","date_gmt":"2024-01-24T21:18:51","guid":{"rendered":"https:\/\/fancomart.com\/?page_id=3362"},"modified":"2024-01-24T22:38:32","modified_gmt":"2024-01-24T21:38:32","slug":"money-back-guarantee","status":"publish","type":"page","link":"https:\/\/fancomart.com\/de\/money-back-guarantee\/","title":{"rendered":"Geld-Zur\u00fcck-Garantie!"},"content":{"rendered":"<p><strong>Geld-zur\u00fcck-Garantie f\u00fcr Fancomart<\/strong><\/p><p>Bei Fancomart sind wir bestrebt, \u00fcber unsere Plattform ein vielf\u00e4ltiges und zufriedenstellendes Einkaufserlebnis zu bieten. Wir m\u00f6chten, dass Sie vertrauensvoll einkaufen und wissen, dass Ihre Zufriedenheit unsere Priorit\u00e4t ist. Da wir Produkte von verschiedenen Anbietern anbieten, beachten Sie bitte unsere Geld-zur\u00fcck-Garantie und machen Sie sich mit den besonderen Aspekten unseres dezentralen Versandmodells vertraut.<\/p><p><strong>Unsere Garantie f\u00fcr Sie:<\/strong><\/p><ol class=\"wp-block-list\"><li><strong>Qualit\u00e4tskontrolle:<\/strong><br>Wir stehen hinter der Qualit\u00e4t und Authentizit\u00e4t der von unseren gesch\u00e4tzten Lieferanten angebotenen Produkte. Wenn ein Produkt nicht Ihren Erwartungen entspricht oder erheblich von der bereitgestellten Beschreibung abweicht, verpflichten wir uns, eine R\u00fcckerstattung einzuleiten.<\/li>\n\n<li><strong>14-t\u00e4giges R\u00fcckerstattungsrecht:<\/strong><br>Sie haben ab Erhalt Ihrer Bestellung 14 Tage Zeit, Ihre Zufriedenheit zu beurteilen. Sollten Sie aus irgendeinem Grund unzufrieden sein, lesen Sie bitte die Richtlinien des jeweiligen Anbieters und wenden Sie sich direkt an diesen. Er wird Sie durch den R\u00fcckgabeprozess f\u00fchren.<\/li>\n\n<li><strong>Anbieterspezifische Richtlinien:<\/strong><br>Es ist wichtig zu wissen, dass jeder Anbieter auf unserer Plattform m\u00f6glicherweise eigene Versand- und R\u00fcckgaberichtlinien hat. Bevor Sie einen Kauf t\u00e4tigen, empfehlen wir Ihnen, die Richtlinien des jeweiligen Anbieters f\u00fcr das Produkt, an dem Sie interessiert sind, zu \u00fcberpr\u00fcfen.<\/li>\n\n<li><strong>Kontaktaufnahme mit Anbietern:<\/strong><br>Bei Fragen zu Versand, R\u00fccksendungen oder anderen anbieterspezifischen Anliegen wenden Sie sich bitte direkt an den jeweiligen Anbieter. Die Kontaktinformationen der einzelnen Anbieter finden Sie in deren Shop.<\/li>\n\n<li><strong>Einfacher R\u00fcckgabeprozess:<\/strong><br>W\u00e4hrend unsere Lieferanten den Versand und die R\u00fccksendung abwickeln, sind wir f\u00fcr Sie da, um Sie bei allen gr\u00f6\u00dferen Anliegen oder Problemen zu unterst\u00fctzen. Wenn Sie auf Schwierigkeiten sto\u00dfen, steht Ihnen unser Kundensupport-Team gerne zur Verf\u00fcgung, um die Kommunikation mit dem Lieferanten zu koordinieren.<\/li>\n\n<li><strong>R\u00fcckerstattungsberechtigung:<\/strong><br>Die R\u00fcckerstattungsberechtigung richtet sich nach den Richtlinien des jeweiligen Anbieters. Sobald der Anbieter die R\u00fccksendung genehmigt und sie seinen Richtlinien entspricht, wird der R\u00fcckerstattungsprozess eingeleitet.<\/li>\n\n<li><strong>Au\u00dfergew\u00f6hnlicher Kundensupport:<\/strong><br>Unser Kundensupportteam ist hier, um Sie durch den Prozess zu f\u00fchren und alle allgemeinen Fragen oder Bedenken zu beantworten, die Sie m\u00f6glicherweise haben. Kontaktieren Sie uns \u00fcber support@fancomart.com.<\/li><\/ol><p><strong>Bedingungen und Einschr\u00e4nkungen:<\/strong><\/p><ul class=\"wp-block-list\"><li>Die Geld-zur\u00fcck-Garantie deckt Probleme mit der Produktqualit\u00e4t und erhebliche Abweichungen von der Produktbeschreibung ab.<\/li>\n\n<li>Die R\u00fcckerstattungsberechtigung unterliegt den Richtlinien des jeweiligen Anbieters.<\/li><\/ul><p>Wir bei Fancomart sch\u00e4tzen Ihr Verst\u00e4ndnis f\u00fcr unser dezentrales Modell, bei dem jeder Anbieter unabh\u00e4ngig arbeitet. Wir danken Ihnen, dass Sie sich f\u00fcr Fancomart entschieden haben und freuen uns darauf, Ihr Online-Einkaufserlebnis zu verbessern.<\/p><p>Aufrichtig,<\/p><p>Fancomart Team<br>support@fancomart.com<\/p>","protected":false},"excerpt":{"rendered":"<p>Geld-zur\u00fcck-Garantie f\u00fcr Fancomart Bei Fancomart bem\u00fchen wir uns, \u00fcber unsere Plattform ein vielf\u00e4ltiges und zufriedenstellendes Einkaufserlebnis zu bieten. Wir m\u00f6chten, dass Sie vertrauensvoll einkaufen und wissen, dass Ihre Zufriedenheit unsere Priorit\u00e4t ist. Da wir Produkte von verschiedenen Anbietern anbieten, beachten Sie bitte unsere Geld-zur\u00fcck-Garantie-Richtlinie und verstehen Sie die einzigartigen Aspekte unserer [\u2026]<\/p>","protected":false},"author":1,"featured_media":0,"parent":0,"menu_order":0,"comment_status":"closed","ping_status":"closed","template":"","meta":{"footnotes":""},"class_list":["post-3362","page","type-page","status-publish","hentry"],"_links":{"self":[{"href":"https:\/\/fancomart.com\/de\/wp-json\/wp\/v2\/pages\/3362","targetHints":{"allow":["GET"]}}],"collection":[{"href":"https:\/\/fancomart.com\/de\/wp-json\/wp\/v2\/pages"}],"about":[{"href":"https:\/\/fancomart.com\/de\/wp-json\/wp\/v2\/types\/page"}],"author":[{"embeddable":true,"href":"https:\/\/fancomart.com\/de\/wp-json\/wp\/v2\/users\/1"}],"replies":[{"embeddable":true,"href":"https:\/\/fancomart.com\/de\/wp-json\/wp\/v2\/comments?post=3362"}],"version-history":[{"count":0,"href":"https:\/\/fancomart.com\/de\/wp-json\/wp\/v2\/pages\/3362\/revisions"}],"wp:attachment":[{"href":"https:\/\/fancomart.com\/de\/wp-json\/wp\/v2\/media?parent=3362"}],"curies":[{"name":"wp","href":"https:\/\/api.w.org\/{rel}","templated":true}]}}