{"id":3364,"date":"2024-01-24T22:27:38","date_gmt":"2024-01-24T21:27:38","guid":{"rendered":"https:\/\/fancomart.com\/?page_id=3364"},"modified":"2024-01-24T22:40:23","modified_gmt":"2024-01-24T21:40:23","slug":"payment-methods","status":"publish","type":"page","link":"https:\/\/fancomart.com\/de\/payment-methods\/","title":{"rendered":"Zahlungsarten"},"content":{"rendered":"<p><strong>Zahlungsmethoden f\u00fcr Fancomart<\/strong><\/p><p>Bei fancomart bieten wir eine Vielzahl sicherer und bequemer Zahlungsmethoden an, um Ihr Einkaufserlebnis zu verbessern. Ihre Zufriedenheit ist unsere Priorit\u00e4t und wir bem\u00fchen uns, Optionen anzubieten, die Ihren Vorlieben entsprechen. Hier sind die auf unserer Plattform verf\u00fcgbaren Zahlungsmethoden:<\/p><ol class=\"wp-block-list\"><li><strong>Kreditkarte:<\/strong><br>Wir akzeptieren die wichtigsten Kreditkarten und bieten Ihnen damit eine schnelle und zuverl\u00e4ssige M\u00f6glichkeit f\u00fcr sichere Transaktionen. Ihre Kartendaten werden verschl\u00fcsselt und sicher verarbeitet, um ein H\u00f6chstma\u00df an Schutz zu gew\u00e4hrleisten.<\/li>\n\n<li><strong>PayPal:<\/strong><br>Verwenden Sie Ihr PayPal-Konto, um problemlos Zahlungen zu t\u00e4tigen. PayPal bietet zus\u00e4tzliche Sicherheit und Komfort, sodass Sie Transaktionen abschlie\u00dfen k\u00f6nnen, ohne Ihre Finanzinformationen an Verk\u00e4ufer weitergeben zu m\u00fcssen.<\/li>\n\n<li><strong>Klarna:<\/strong><br>Genie\u00dfen Sie die Flexibilit\u00e4t von Klarna, mit der Sie jetzt kaufen und sp\u00e4ter bezahlen k\u00f6nnen. Mit Klarna k\u00f6nnen Sie Ihren Einkauf in \u00fcberschaubare Raten aufteilen oder die Zahlung auf einen sp\u00e4teren Zeitpunkt verschieben, sodass Sie mehr Kontrolle \u00fcber Ihr Budget haben.<\/li>\n\n<li><strong>Apple Pay:<\/strong><br>F\u00fcr Apple-Nutzer bieten wir den Komfort von Apple Pay. T\u00e4tigen Sie schnelle und sichere Zahlungen mit Ihren Apple-Ger\u00e4ten und optimieren Sie den Bezahlvorgang f\u00fcr ein nahtloses Einkaufserlebnis.<\/li>\n\n<li><strong>Google Pay:<\/strong><br>Android-Nutzer k\u00f6nnen Google Pay nutzen, eine schnelle und sichere M\u00f6glichkeit, mit ihren Ger\u00e4ten zu bezahlen. Erleben Sie einen problemlosen Bezahlvorgang mit der Einfachheit von Google Pay.<\/li>\n\n<li><strong>Ideal:<\/strong><br>Kunden in den Niederlanden k\u00f6nnen iDeal f\u00fcr reibungslose und sichere Online-Zahlungen nutzen. iDeal ist eine weit verbreitete und vertrauensw\u00fcrdige Methode, die reibungslose Transaktionen zwischen niederl\u00e4ndischen Banken erm\u00f6glicht.<\/li>\n\n<li><strong>Sofort:<\/strong><br>Sofort bietet Kunden in verschiedenen europ\u00e4ischen L\u00e4ndern eine sichere und direkte Zahlungsoption. Es erm\u00f6glicht sofortige Bank\u00fcberweisungen und gew\u00e4hrleistet einen schnellen und zuverl\u00e4ssigen Transaktionsprozess.<\/li>\n\n<li><strong>Giropay:<\/strong><br>Kunden in Deutschland k\u00f6nnen Giro Pay bequem f\u00fcr sichere Online-Zahlungen nutzen. Diese Methode ist direkt mit Ihrem Bankkonto verkn\u00fcpft und bietet eine vertrauensw\u00fcrdige und effiziente Zahlungsl\u00f6sung.<\/li><\/ol><p>Die Sicherheit Ihrer Finanzdaten hat f\u00fcr uns oberste Priorit\u00e4t und wir bem\u00fchen uns, Ihr Einkaufserlebnis so reibungslos wie m\u00f6glich zu gestalten. Wenn Sie Fragen oder Bedenken zu Zahlungsmethoden haben, z\u00f6gern Sie bitte nicht, unser Kundensupportteam zu kontaktieren.<\/p><p>Vielen Dank, dass Sie sich f\u00fcr Ihren Online-Einkauf f\u00fcr Fancomart entschieden haben!<\/p><p>Aufrichtig,<\/p><p>Fancomart Team<br>support@fancomart.com<\/p>","protected":false},"excerpt":{"rendered":"<p>Zahlungsmethoden f\u00fcr Fancomart Bei Fancomart bieten wir eine Vielzahl sicherer und bequemer Zahlungsmethoden an, um Ihr Einkaufserlebnis zu verbessern. Ihre Zufriedenheit ist unsere Priorit\u00e4t und wir bem\u00fchen uns, Optionen anzubieten, die Ihren Vorlieben entsprechen. Hier sind die auf unserer Plattform verf\u00fcgbaren Zahlungsmethoden: Wir legen Wert auf die Sicherheit Ihrer Finanzinformationen und [\u2026]<\/p>","protected":false},"author":1,"featured_media":0,"parent":0,"menu_order":0,"comment_status":"closed","ping_status":"closed","template":"","meta":{"footnotes":""},"class_list":["post-3364","page","type-page","status-publish","hentry"],"_links":{"self":[{"href":"https:\/\/fancomart.com\/de\/wp-json\/wp\/v2\/pages\/3364","targetHints":{"allow":["GET"]}}],"collection":[{"href":"https:\/\/fancomart.com\/de\/wp-json\/wp\/v2\/pages"}],"about":[{"href":"https:\/\/fancomart.com\/de\/wp-json\/wp\/v2\/types\/page"}],"author":[{"embeddable":true,"href":"https:\/\/fancomart.com\/de\/wp-json\/wp\/v2\/users\/1"}],"replies":[{"embeddable":true,"href":"https:\/\/fancomart.com\/de\/wp-json\/wp\/v2\/comments?post=3364"}],"version-history":[{"count":0,"href":"https:\/\/fancomart.com\/de\/wp-json\/wp\/v2\/pages\/3364\/revisions"}],"wp:attachment":[{"href":"https:\/\/fancomart.com\/de\/wp-json\/wp\/v2\/media?parent=3364"}],"curies":[{"name":"wp","href":"https:\/\/api.w.org\/{rel}","templated":true}]}}