{"id":3593,"date":"2024-06-08T23:21:38","date_gmt":"2024-06-08T21:21:38","guid":{"rendered":"https:\/\/fancomart.com\/?post_type=product&#038;p=3593"},"modified":"2024-06-17T02:11:40","modified_gmt":"2024-06-17T00:11:40","slug":"shikorina-be-shikor-facial-oil","status":"publish","type":"product","link":"https:\/\/fancomart.com\/de\/produkt\/shikorina-be-shikor-facial-oil\/","title":{"rendered":"Shikorina be Shikor Gesichts\u00f6l"},"content":{"rendered":"<p>\u2022 Ginkgo-Serum 15 ml \u2022\u00a0<\/p>\n<p>Stumpfe und m\u00fcde Haut erh\u00e4lt ihre Frische und ihr jugendliches Aussehen zur\u00fcck. Verwenden Sie 1-3 Tropfen morgens, abends oder vor dem Schminken, um eine glatte und frische Haut zu erhalten.\u00a0<\/p>\n<p>HAUTTYP\u00a0<\/p>\n<p>Normal\u00a0<\/p>\n<p>trocken\u00a0<\/p>\n<p>\u00f6lig\u00a0<\/p>\n<p>reif<\/p>\n<p>Schutz\u00a0<\/p>\n<p>Vegan \ud83c\udf31<\/p>\n<p>Bestellen Sie jetzt Ihr Exemplar!! \ud83d\ude4c\ud83c\udffd<\/p>","protected":false},"excerpt":{"rendered":"<p style=\"text-align: left\" data-mce-style=\"text-align: left;\">Shikorina be Shikor Gingko Gesichts\u00f6l \ud83c\udf31<\/p>","protected":false},"featured_media":3591,"comment_status":"open","ping_status":"closed","template":"","meta":[],"genre":[201],"product_cat":[40],"product_tag":[],"class_list":{"0":"post-3593","1":"product","2":"type-product","3":"status-publish","4":"has-post-thumbnail","6":"product_brand-shikorina","7":"product_cat-healthy-beauty","9":"first","10":"instock","11":"shipping-taxable","12":"purchasable","13":"product-type-simple"},"_links":{"self":[{"href":"https:\/\/fancomart.com\/de\/wp-json\/wp\/v2\/product\/3593","targetHints":{"allow":["GET"]}}],"collection":[{"href":"https:\/\/fancomart.com\/de\/wp-json\/wp\/v2\/product"}],"about":[{"href":"https:\/\/fancomart.com\/de\/wp-json\/wp\/v2\/types\/product"}],"replies":[{"embeddable":true,"href":"https:\/\/fancomart.com\/de\/wp-json\/wp\/v2\/comments?post=3593"}],"wp:featuredmedia":[{"embeddable":true,"href":"https:\/\/fancomart.com\/de\/wp-json\/wp\/v2\/media\/3591"}],"wp:attachment":[{"href":"https:\/\/fancomart.com\/de\/wp-json\/wp\/v2\/media?parent=3593"}],"wp:term":[{"taxonomy":"product_brand","embeddable":true,"href":"https:\/\/fancomart.com\/de\/wp-json\/wp\/v2\/genre?post=3593"},{"taxonomy":"product_cat","embeddable":true,"href":"https:\/\/fancomart.com\/de\/wp-json\/wp\/v2\/product_cat?post=3593"},{"taxonomy":"product_tag","embeddable":true,"href":"https:\/\/fancomart.com\/de\/wp-json\/wp\/v2\/product_tag?post=3593"}],"curies":[{"name":"wp","href":"https:\/\/api.w.org\/{rel}","templated":true}]}}