{"id":3654,"date":"2024-06-27T22:16:24","date_gmt":"2024-06-27T20:16:24","guid":{"rendered":"https:\/\/fancomart.com\/de\/?post_type=product&#038;p=3654"},"modified":"2024-07-09T01:41:31","modified_gmt":"2024-07-08T23:41:31","slug":"tigrinya-book","status":"publish","type":"product","link":"https:\/\/fancomart.com\/de\/produkt\/tigrinya-book\/","title":{"rendered":"Tigrinya-Buch"},"content":{"rendered":"<p>Sie m\u00f6chten auf Tigrinya lesen und schreiben lernen? Dieses einzigartige Buch hilft Ihnen, Ihr Ziel zu erreichen!<br \/>Nach langer und erfolgreicher Suche nach einem Arbeitsbuch f\u00fcr eritreische Kinder in der Diaspora habe ich mich entschlossen, eins zu schreiben. Obwohl es so viele Eritreer au\u00dferhalb Eritreas gibt und so viele Kinder au\u00dferhalb des Landes geboren werden, gibt es immer noch kein Tigrinya-Buch, das f\u00fcr ihre Bed\u00fcrfnisse entworfen wurde.<\/p>\n<p>Dieses Buch f\u00fchrt dich jedoch Schritt f\u00fcr Schritt durch den Dschungel des Tigrinya-Alphabets. In max. Von 15 Wochen wirst du oder dein Kind in der Lage sein, Tigrinya zu schreiben und zu lesen.<br \/>Die eigene Sprache zum Sprechen und Verstehen bildet eine Basis, um alles Weitere zu erreichen. Es ist eine Reise zu dir selbst und zu deiner Identit\u00e4t.<\/p>","protected":false},"excerpt":{"rendered":"<p>Tigrinya-Lernen f\u00fcr Diaspora-Kinder<\/p>\n<p>Schritt-f\u00fcr-Schritt Alphabet und Sprachkurs<\/p>\n<p>Identit\u00e4t und Sprachkompetenz in 15 Wochen<\/p>","protected":false},"featured_media":3648,"comment_status":"open","ping_status":"closed","template":"","meta":[],"genre":[],"product_cat":[170],"product_tag":[],"class_list":{"0":"post-3654","1":"product","2":"type-product","3":"status-publish","4":"has-post-thumbnail","6":"product_cat-booksmedia","8":"first","9":"instock","10":"featured","11":"shipping-taxable","12":"purchasable","13":"product-type-simple"},"_links":{"self":[{"href":"https:\/\/fancomart.com\/de\/wp-json\/wp\/v2\/product\/3654","targetHints":{"allow":["GET"]}}],"collection":[{"href":"https:\/\/fancomart.com\/de\/wp-json\/wp\/v2\/product"}],"about":[{"href":"https:\/\/fancomart.com\/de\/wp-json\/wp\/v2\/types\/product"}],"replies":[{"embeddable":true,"href":"https:\/\/fancomart.com\/de\/wp-json\/wp\/v2\/comments?post=3654"}],"wp:featuredmedia":[{"embeddable":true,"href":"https:\/\/fancomart.com\/de\/wp-json\/wp\/v2\/media\/3648"}],"wp:attachment":[{"href":"https:\/\/fancomart.com\/de\/wp-json\/wp\/v2\/media?parent=3654"}],"wp:term":[{"taxonomy":"product_brand","embeddable":true,"href":"https:\/\/fancomart.com\/de\/wp-json\/wp\/v2\/genre?post=3654"},{"taxonomy":"product_cat","embeddable":true,"href":"https:\/\/fancomart.com\/de\/wp-json\/wp\/v2\/product_cat?post=3654"},{"taxonomy":"product_tag","embeddable":true,"href":"https:\/\/fancomart.com\/de\/wp-json\/wp\/v2\/product_tag?post=3654"}],"curies":[{"name":"wp","href":"https:\/\/api.w.org\/{rel}","templated":true}]}}