{"id":3790,"date":"2024-07-08T23:54:50","date_gmt":"2024-07-08T21:54:50","guid":{"rendered":"https:\/\/fancomart.com\/?post_type=product&#038;p=3790"},"modified":"2024-07-09T01:38:36","modified_gmt":"2024-07-08T23:38:36","slug":"kemis-zura-habesha-dress","status":"publish","type":"product","link":"https:\/\/fancomart.com\/de\/produkt\/kemis-zura-habesha-dress\/","title":{"rendered":"Kemis\/Zura || Habesha-Kleid"},"content":{"rendered":"<h3><strong>Bitte geben Sie Ihre Gr\u00f6\u00dfe auf dem Bestellhinweis an!<\/strong><\/h3>\n<p>Erleben Sie die Sch\u00f6nheit und Handwerkskunst der \u00e4thiopischen und eritreischen Kultur mit unserem \u00e4thiopischen Fekat-Kleid. Jedes Kleidungsst\u00fcck ist handgefertigt mit aufwendigen Details und erlesenen Stoffen, wodurch ein einzigartiges Modekleid entsteht. Werten Sie Ihre Garderobe mit diesem luxuri\u00f6sen und exklusiven Habesha-Kleid auf.<\/p>\n<ul>\n<li style=\"margin: 0px 0px 12px;padding: 0px;border: 0px;font-style: inherit;font-size: inherit;line-height: inherit;font-family: inherit\" data-mce-style=\"margin: 0px 0px 12px; padding: 0px; border: 0px; font-style: inherit; font-size: inherit; line-height: inherit; font-family: inherit;\">Traditionell handgewebt von \u00c4thiopiern und Eritreern<\/li>\n<li style=\"margin: 0px 0px 12px;padding: 0px;border: 0px;font-style: inherit;font-size: inherit;line-height: inherit;font-family: inherit\" data-mce-style=\"margin: 0px 0px 12px; padding: 0px; border: 0px; font-style: inherit; font-size: inherit; line-height: inherit; font-family: inherit;\">Handgestickt\u00a0<\/li>\n<li style=\"margin: 0px 0px 12px;padding: 0px;border: 0px;font-style: inherit;font-size: inherit;line-height: inherit;font-family: inherit\" data-mce-style=\"margin: 0px 0px 12px; padding: 0px; border: 0px; font-style: inherit; font-size: inherit; line-height: inherit; font-family: inherit;\">Enth\u00e4lt Netela<\/li>\n<li style=\"margin: 0px 0px 12px;padding: 0px;border: 0px;font-style: inherit;font-size: inherit;line-height: inherit;font-family: inherit\" data-mce-style=\"margin: 0px 0px 12px; padding: 0px; border: 0px; font-style: inherit; font-size: inherit; line-height: inherit; font-family: inherit;\">Hochzeit\/Brautkleid<\/li>\n<li style=\"margin: 0px 0px 12px;padding: 0px;border: 0px;font-style: inherit;font-size: inherit;line-height: inherit;font-family: inherit\" data-mce-style=\"margin: 0px 0px 12px; padding: 0px; border: 0px; font-style: inherit; font-size: inherit; line-height: inherit; font-family: inherit;\">Handw\u00e4sche\/Chemische Reinigung<\/li>\n<li>Artikel wird in 1-2 Wochen versendet<\/li>\n<\/ul>\n<h3><strong>Bitte geben Sie Ihre Gr\u00f6\u00dfe auf dem Bestellhinweis an!<\/strong><\/h3>","protected":false},"excerpt":{"rendered":"<ul>\n<li>Bestellung von Sondergr\u00f6\u00dfen [Sondergr\u00f6\u00dfe und Sonderdesign]<\/li>\n<li>Handgewebt<\/li>\n<li>Enth\u00e4lt Netela<\/li>\n<li>Hochzeit\/Brautkleid<\/li>\n<li>Kostenloser Expressversand\u00a0<\/li>\n<\/ul>","protected":false},"featured_media":3785,"comment_status":"open","ping_status":"closed","template":"","meta":[],"genre":[209],"product_cat":[149,145],"product_tag":[220,219],"class_list":{"0":"post-3790","1":"product","2":"type-product","3":"status-publish","4":"has-post-thumbnail","6":"product_brand-lul-jewellery","7":"product_cat-womens-dress","8":"product_cat-womens","9":"product_tag-ethiopia-wedding-dress-eritrean","10":"product_tag-habsha-dress","12":"first","13":"instock","14":"sale","15":"shipping-taxable","16":"purchasable","17":"product-type-simple"},"_links":{"self":[{"href":"https:\/\/fancomart.com\/de\/wp-json\/wp\/v2\/product\/3790","targetHints":{"allow":["GET"]}}],"collection":[{"href":"https:\/\/fancomart.com\/de\/wp-json\/wp\/v2\/product"}],"about":[{"href":"https:\/\/fancomart.com\/de\/wp-json\/wp\/v2\/types\/product"}],"replies":[{"embeddable":true,"href":"https:\/\/fancomart.com\/de\/wp-json\/wp\/v2\/comments?post=3790"}],"wp:featuredmedia":[{"embeddable":true,"href":"https:\/\/fancomart.com\/de\/wp-json\/wp\/v2\/media\/3785"}],"wp:attachment":[{"href":"https:\/\/fancomart.com\/de\/wp-json\/wp\/v2\/media?parent=3790"}],"wp:term":[{"taxonomy":"product_brand","embeddable":true,"href":"https:\/\/fancomart.com\/de\/wp-json\/wp\/v2\/genre?post=3790"},{"taxonomy":"product_cat","embeddable":true,"href":"https:\/\/fancomart.com\/de\/wp-json\/wp\/v2\/product_cat?post=3790"},{"taxonomy":"product_tag","embeddable":true,"href":"https:\/\/fancomart.com\/de\/wp-json\/wp\/v2\/product_tag?post=3790"}],"curies":[{"name":"wp","href":"https:\/\/api.w.org\/{rel}","templated":true}]}}