{"id":3797,"date":"2024-07-09T01:17:21","date_gmt":"2024-07-08T23:17:21","guid":{"rendered":"https:\/\/fancomart.com\/?post_type=product&#038;p=3797"},"modified":"2024-07-09T01:17:22","modified_gmt":"2024-07-08T23:17:22","slug":"weddings-dress-keims","status":"publish","type":"product","link":"https:\/\/fancomart.com\/de\/produkt\/weddings-dress-keims\/","title":{"rendered":"Hochzeitskleid \/ Keims"},"content":{"rendered":"<p>Wundersch\u00f6nes \u00e4thiopisches und eritreisches Habeshan-Kleid. Stilvolles Menen, 100% Baumwolle. Wir empfehlen Handw\u00e4sche und Lufttrocknen, damit es l\u00e4nger h\u00e4lt. Auch ein B\u00fcgeleisen bei niedriger Temperatur erh\u00e4lt Design und Aussehen. Wundersch\u00f6nes Habeshan-Kleid | \u00c4thiopisches traditionelles Kleid | Eritreisches Kleid Habsha Kemis Zuria, Habesha f\u00fcr Ihre besondere Hochzeit.<\/p>\n<ul>\n<li>Artikel wird in 1-2 Wochen versendet<\/li>\n<\/ul>","protected":false},"excerpt":{"rendered":"<ul>\n<li>Sondergr\u00f6\u00dfenbestellung [Gr\u00f6\u00dfe &amp; Design] <\/li>\n<li>Handgewebt <\/li>\n<li>Enth\u00e4lt Netela <\/li>\n<li>Hochzeit\/Brautkleid <\/li>\n<li>Kostenloser Expressversand<br data-mce-bogus=\"1\"><\/li>\n<\/ul>","protected":false},"featured_media":3796,"comment_status":"open","ping_status":"closed","template":"","meta":[],"genre":[209],"product_cat":[149,145],"product_tag":[223],"class_list":{"0":"post-3797","1":"product","2":"type-product","3":"status-publish","4":"has-post-thumbnail","6":"product_brand-lul-jewellery","7":"product_cat-womens-dress","8":"product_cat-womens","9":"product_tag-eritrean-athiopien-dress-wedding","11":"first","12":"instock","13":"sold-individually","14":"shipping-taxable","15":"purchasable","16":"product-type-simple"},"_links":{"self":[{"href":"https:\/\/fancomart.com\/de\/wp-json\/wp\/v2\/product\/3797","targetHints":{"allow":["GET"]}}],"collection":[{"href":"https:\/\/fancomart.com\/de\/wp-json\/wp\/v2\/product"}],"about":[{"href":"https:\/\/fancomart.com\/de\/wp-json\/wp\/v2\/types\/product"}],"replies":[{"embeddable":true,"href":"https:\/\/fancomart.com\/de\/wp-json\/wp\/v2\/comments?post=3797"}],"wp:featuredmedia":[{"embeddable":true,"href":"https:\/\/fancomart.com\/de\/wp-json\/wp\/v2\/media\/3796"}],"wp:attachment":[{"href":"https:\/\/fancomart.com\/de\/wp-json\/wp\/v2\/media?parent=3797"}],"wp:term":[{"taxonomy":"product_brand","embeddable":true,"href":"https:\/\/fancomart.com\/de\/wp-json\/wp\/v2\/genre?post=3797"},{"taxonomy":"product_cat","embeddable":true,"href":"https:\/\/fancomart.com\/de\/wp-json\/wp\/v2\/product_cat?post=3797"},{"taxonomy":"product_tag","embeddable":true,"href":"https:\/\/fancomart.com\/de\/wp-json\/wp\/v2\/product_tag?post=3797"}],"curies":[{"name":"wp","href":"https:\/\/api.w.org\/{rel}","templated":true}]}}