{"id":3852,"date":"2024-07-09T15:21:39","date_gmt":"2024-07-09T13:21:39","guid":{"rendered":"https:\/\/fancomart.com\/?post_type=product&#038;p=3852"},"modified":"2024-07-28T22:40:40","modified_gmt":"2024-07-28T20:40:40","slug":"eritrea-map-flag-pendant-necklaces","status":"publish","type":"product","link":"https:\/\/fancomart.com\/de\/produkt\/eritrea-map-flag-pendant-necklaces\/","title":{"rendered":"Halsketten mit Anh\u00e4nger mit Landkarte und Flagge von Eritrea"},"content":{"rendered":"<p>Perfekt f\u00fcr besondere Anl\u00e4sse, kulturelle Feiern oder um Ihrer Alltagskleidung einen Hauch von Eleganz zu verleihen.<\/p>\n<p>Feiern Sie Tradition und Sch\u00f6nheit mit diesem zeitlosen Schmuck, ein Muss f\u00fcr jede Sammlung.<\/p>","protected":false},"excerpt":{"rendered":"<ul>\n<li>Material: Edelstahl und Kupfer<\/li>\n<\/ul>","protected":false},"featured_media":3856,"comment_status":"open","ping_status":"closed","template":"","meta":[],"genre":[209],"product_cat":[167,144,50,51,145],"product_tag":[],"class_list":{"0":"post-3852","1":"product","2":"type-product","3":"status-publish","4":"has-post-thumbnail","6":"product_brand-lul-jewellery","7":"product_cat-womens-jewellery","8":"product_cat-mens-jewellery","9":"product_cat-mens","10":"product_cat-necklace","11":"product_cat-womens","13":"first","14":"instock","15":"sale","16":"shipping-taxable","17":"purchasable","18":"product-type-variable"},"_links":{"self":[{"href":"https:\/\/fancomart.com\/de\/wp-json\/wp\/v2\/product\/3852","targetHints":{"allow":["GET"]}}],"collection":[{"href":"https:\/\/fancomart.com\/de\/wp-json\/wp\/v2\/product"}],"about":[{"href":"https:\/\/fancomart.com\/de\/wp-json\/wp\/v2\/types\/product"}],"replies":[{"embeddable":true,"href":"https:\/\/fancomart.com\/de\/wp-json\/wp\/v2\/comments?post=3852"}],"wp:featuredmedia":[{"embeddable":true,"href":"https:\/\/fancomart.com\/de\/wp-json\/wp\/v2\/media\/3856"}],"wp:attachment":[{"href":"https:\/\/fancomart.com\/de\/wp-json\/wp\/v2\/media?parent=3852"}],"wp:term":[{"taxonomy":"product_brand","embeddable":true,"href":"https:\/\/fancomart.com\/de\/wp-json\/wp\/v2\/genre?post=3852"},{"taxonomy":"product_cat","embeddable":true,"href":"https:\/\/fancomart.com\/de\/wp-json\/wp\/v2\/product_cat?post=3852"},{"taxonomy":"product_tag","embeddable":true,"href":"https:\/\/fancomart.com\/de\/wp-json\/wp\/v2\/product_tag?post=3852"}],"curies":[{"name":"wp","href":"https:\/\/api.w.org\/{rel}","templated":true}]}}